{"id":1178,"date":"2020-05-08T11:56:19","date_gmt":"2020-05-08T09:56:19","guid":{"rendered":"https:\/\/www.biosarria.com\/la-tienda\/"},"modified":"2026-02-05T11:22:19","modified_gmt":"2026-02-05T10:22:19","slug":"la-tienda","status":"publish","type":"page","link":"https:\/\/www.biosarria.com\/es\/","title":{"rendered":"La tienda"},"content":{"rendered":"\t\t<div data-elementor-type=\"wp-page\" data-elementor-id=\"1178\" class=\"elementor elementor-1178 elementor-321\">\n\t\t\t\t<div class=\"elementor-element elementor-element-254d7d3 e-flex e-con-boxed e-con e-parent\" data-id=\"254d7d3\" data-element_type=\"container\">\n\t\t\t\t\t<div class=\"e-con-inner\">\n\t\t<div class=\"elementor-element elementor-element-e1f666c e-con-full e-flex e-con e-child\" data-id=\"e1f666c\" data-element_type=\"container\">\n\t\t\t\t<div class=\"elementor-element elementor-element-d62f7af elementor-invisible elementor-widget elementor-widget-image\" data-id=\"d62f7af\" data-element_type=\"widget\" data-settings=\"{&quot;_animation&quot;:&quot;fadeIn&quot;,&quot;_animation_delay&quot;:1000}\" data-widget_type=\"image.default\">\n\t\t\t\t\t\t\t\t\t\t\t\t\t\t\t<img fetchpriority=\"high\" decoding=\"async\" width=\"140\" height=\"480\" src=\"https:\/\/www.biosarria.com\/wp-content\/uploads\/2025\/12\/biosarria-icon-hoja.png\" class=\"attachment-large size-large wp-image-1173\" alt=\"\" \/>\t\t\t\t\t\t\t\t\t\t\t\t\t\t\t<\/div>\n\t\t\t\t<div class=\"elementor-element elementor-element-20c9c02 elementor-invisible elementor-widget elementor-widget-text-editor\" data-id=\"20c9c02\" data-element_type=\"widget\" data-settings=\"{&quot;_animation&quot;:&quot;fadeInLeft&quot;,&quot;_animation_delay&quot;:0}\" data-widget_type=\"text-editor.default\">\n\t\t\t\t\t\t\t\t\t<h1><span style=\"color: #00632e;\">DONDE LA NATURALEZA<\/span><br> <span style=\"color: #41a62a;\">Y LA CALMA<\/span><br> <span style=\"color: #41a62a;\">TE VUELVEN<\/span><br> <span style=\"color: #97bf0d;\">EL EQUILIBRIO<\/span><\/h1>\t\t\t\t\t\t\t\t<\/div>\n\t\t\t\t<\/div>\n\t\t<div class=\"elementor-element elementor-element-d710498 e-con-full e-flex e-con e-child\" data-id=\"d710498\" data-element_type=\"container\">\n\t\t\t\t<div class=\"elementor-element elementor-element-1bdfbbb elementor-invisible elementor-widget elementor-widget-image\" data-id=\"1bdfbbb\" data-element_type=\"widget\" data-settings=\"{&quot;_animation&quot;:&quot;fadeInRight&quot;,&quot;_animation_delay&quot;:300}\" data-widget_type=\"image.default\">\n\t\t\t\t\t\t\t\t\t\t\t\t\t\t\t<img decoding=\"async\" width=\"1024\" height=\"607\" src=\"https:\/\/www.biosarria.com\/wp-content\/uploads\/2025\/12\/biosarria-img-slider-1024x607.webp\" class=\"attachment-large size-large wp-image-1174\" alt=\"\" srcset=\"https:\/\/www.biosarria.com\/wp-content\/uploads\/2025\/12\/biosarria-img-slider-1024x607.webp 1024w, https:\/\/www.biosarria.com\/wp-content\/uploads\/2025\/12\/biosarria-img-slider-300x178.webp 300w, https:\/\/www.biosarria.com\/wp-content\/uploads\/2025\/12\/biosarria-img-slider-768x456.webp 768w, https:\/\/www.biosarria.com\/wp-content\/uploads\/2025\/12\/biosarria-img-slider-700x415.webp 700w, https:\/\/www.biosarria.com\/wp-content\/uploads\/2025\/12\/biosarria-img-slider-1100x652.webp 1100w, https:\/\/www.biosarria.com\/wp-content\/uploads\/2025\/12\/biosarria-img-slider.webp 1143w\" sizes=\"(max-width: 1024px) 100vw, 1024px\" \/>\t\t\t\t\t\t\t\t\t\t\t\t\t\t\t<\/div>\n\t\t\t\t<\/div>\n\t\t\t\t\t<\/div>\n\t\t\t\t<\/div>\n\t\t<div class=\"elementor-element elementor-element-30b42d3 e-flex e-con-boxed e-con e-parent\" data-id=\"30b42d3\" data-element_type=\"container\" data-settings=\"{&quot;background_background&quot;:&quot;classic&quot;}\">\n\t\t\t\t\t<div class=\"e-con-inner\">\n\t\t<div class=\"elementor-element elementor-element-0ff64ee e-con-full e-flex e-con e-child\" data-id=\"0ff64ee\" data-element_type=\"container\">\n\t\t\t\t<div class=\"elementor-element elementor-element-1d586a6 elementor-widget elementor-widget-text-editor\" data-id=\"1d586a6\" data-element_type=\"widget\" data-widget_type=\"text-editor.default\">\n\t\t\t\t\t\t\t\t\t<h3><span style=\"color: #97bf0d;\">Alimentaci\u00f3n ecol\u00f3gica<br> y de proximidad<\/span><\/h3>\t\t\t\t\t\t\t\t<\/div>\n\t\t\t\t<div class=\"elementor-element elementor-element-67f127f elementor-widget elementor-widget-text-editor\" data-id=\"67f127f\" data-element_type=\"widget\" data-widget_type=\"text-editor.default\">\n\t\t\t\t\t\t\t\t\t<p>Alimentos ecol\u00f3gicos y cercanos que nutren con calidad, respetan ritmos naturales y cuidan de tu salud.<\/p>\t\t\t\t\t\t\t\t<\/div>\n\t\t\t\t<\/div>\n\t\t<div class=\"elementor-element elementor-element-1d39f9f e-con-full e-flex e-con e-child\" data-id=\"1d39f9f\" data-element_type=\"container\">\n\t\t\t\t<div class=\"elementor-element elementor-element-fb0c98a elementor-widget elementor-widget-text-editor\" data-id=\"fb0c98a\" data-element_type=\"widget\" data-widget_type=\"text-editor.default\">\n\t\t\t\t\t\t\t\t\t<h3><span style=\"color: #97bf0d;\">Suplementaci\u00f3n org\u00e1nica<br> y nutrac\u00e9uticos<\/span><\/h3>\t\t\t\t\t\t\t\t<\/div>\n\t\t\t\t<div class=\"elementor-element elementor-element-e77c624 elementor-widget elementor-widget-text-editor\" data-id=\"e77c624\" data-element_type=\"widget\" data-widget_type=\"text-editor.default\">\n\t\t\t\t\t\t\t\t\t<p>Suplementaci\u00f3n natural de alta calidad que acompa\u00f1a a procesos de salud, recupera el equilibrio y potencia la vitalidad.<\/p>\t\t\t\t\t\t\t\t<\/div>\n\t\t\t\t<\/div>\n\t\t<div class=\"elementor-element elementor-element-dff29e0 e-con-full e-flex e-con e-child\" data-id=\"dff29e0\" data-element_type=\"container\">\n\t\t\t\t<div class=\"elementor-element elementor-element-6c7013a elementor-widget elementor-widget-text-editor\" data-id=\"6c7013a\" data-element_type=\"widget\" data-widget_type=\"text-editor.default\">\n\t\t\t\t\t\t\t\t\t<h3><span style=\"color: #97bf0d;\">Cosm\u00e9tica natural<br> y ecol\u00f3gica<\/span><\/h3>\t\t\t\t\t\t\t\t<\/div>\n\t\t\t\t<div class=\"elementor-element elementor-element-dd739eb elementor-widget elementor-widget-text-editor\" data-id=\"dd739eb\" data-element_type=\"widget\" data-widget_type=\"text-editor.default\">\n\t\t\t\t\t\t\t\t\t<p>Cosm\u00e9tica natural y ecol\u00f3gica que respeta la piel, cuida al planeta y promueve belleza consciente.<\/p>\t\t\t\t\t\t\t\t<\/div>\n\t\t\t\t<\/div>\n\t\t<div class=\"elementor-element elementor-element-a8a0e4e e-con-full e-flex e-con e-child\" data-id=\"a8a0e4e\" data-element_type=\"container\">\n\t\t\t\t<div class=\"elementor-element elementor-element-586a315 elementor-widget elementor-widget-qi_addons_for_elementor_button\" data-id=\"586a315\" data-element_type=\"widget\" data-widget_type=\"qi_addons_for_elementor_button.default\">\n\t\t\t\t<div class=\"elementor-widget-container\">\n\t\t\t\t\t<a class=\"qodef-shortcode qodef-m qodef-qi-button qodef-html--link qodef-layout--filled qodef-type--standard qodef-icon--right qodef-hover--icon-move-horizontal-short\" href=\"https:\/\/www.biosarria.com\/es\/productos\/\" target=\"_self\">\n\t<span class=\"qodef-m-text\">Desc\u00fabrenos +<\/span>\n\t<\/a>\n\t\t\t\t<\/div>\n\t\t\t\t<\/div>\n\t\t\t\t<\/div>\n\t\t\t\t\t<\/div>\n\t\t\t\t<\/div>\n\t\t<div class=\"elementor-element elementor-element-0df3ae9 e-flex e-con-boxed e-con e-parent\" data-id=\"0df3ae9\" data-element_type=\"container\" data-settings=\"{&quot;background_background&quot;:&quot;classic&quot;}\">\n\t\t\t\t\t<div class=\"e-con-inner\">\n\t\t<div class=\"elementor-element elementor-element-ef9a6d1 e-con-full e-flex elementor-invisible e-con e-child\" data-id=\"ef9a6d1\" data-element_type=\"container\" data-settings=\"{&quot;animation&quot;:&quot;fadeInLeft&quot;}\">\n\t\t\t\t<div class=\"elementor-element elementor-element-5cb4650 elementor-widget elementor-widget-text-editor\" data-id=\"5cb4650\" data-element_type=\"widget\" data-widget_type=\"text-editor.default\">\n\t\t\t\t\t\t\t\t\t<h2><span style=\"color: #000000;\">Somos la tienda bio de Sarri\u00e0 donde la salud natural se vive con calma, calidad y consejo experto<\/span><\/h2>\t\t\t\t\t\t\t\t<\/div>\n\t\t\t\t<\/div>\n\t\t<div class=\"elementor-element elementor-element-d45a1bc e-con-full e-flex elementor-invisible e-con e-child\" data-id=\"d45a1bc\" data-element_type=\"container\" data-settings=\"{&quot;animation&quot;:&quot;fadeInLeft&quot;}\">\n\t\t\t\t<div class=\"elementor-element elementor-element-5788dc1 elementor-widget elementor-widget-image\" data-id=\"5788dc1\" data-element_type=\"widget\" data-widget_type=\"image.default\">\n\t\t\t\t\t\t\t\t\t\t\t\t\t\t\t<img decoding=\"async\" width=\"500\" height=\"894\" src=\"https:\/\/www.biosarria.com\/wp-content\/uploads\/2025\/12\/biosarria-home-2.webp\" class=\"attachment-large size-large wp-image-1175\" alt=\"\" srcset=\"https:\/\/www.biosarria.com\/wp-content\/uploads\/2025\/12\/biosarria-home-2.webp 500w, https:\/\/www.biosarria.com\/wp-content\/uploads\/2025\/12\/biosarria-home-2-168x300.webp 168w\" sizes=\"(max-width: 500px) 100vw, 500px\" \/>\t\t\t\t\t\t\t\t\t\t\t\t\t\t\t<\/div>\n\t\t\t\t<div class=\"elementor-element elementor-element-c96c8f9 elementor-widget elementor-widget-text-editor\" data-id=\"c96c8f9\" data-element_type=\"widget\" data-widget_type=\"text-editor.default\">\n\t\t\t\t\t\t\t\t\t<p><span style=\"color: #ffffff;\">TE<br>ACOM<br>PA\u00d1A<br>MOS<\/span><\/p>\t\t\t\t\t\t\t\t<\/div>\n\t\t\t\t<\/div>\n\t\t<div class=\"elementor-element elementor-element-837ec0a e-con-full e-flex e-con e-child\" data-id=\"837ec0a\" data-element_type=\"container\">\n\t\t<div class=\"elementor-element elementor-element-40f34de e-con-full e-flex elementor-invisible e-con e-child\" data-id=\"40f34de\" data-element_type=\"container\" data-settings=\"{&quot;animation&quot;:&quot;fadeInDown&quot;}\">\n\t\t\t\t<div class=\"elementor-element elementor-element-381498f elementor-widget elementor-widget-text-editor\" data-id=\"381498f\" data-element_type=\"widget\" data-widget_type=\"text-editor.default\">\n\t\t\t\t\t\t\t\t\t<p>En Biosarri\u00e0 nos dedicamos a escuchar y acompa\u00f1ar a las personas en su proceso de transformaci\u00f3n hacia un estilo de vida m\u00e1s saludable y sostenible.<\/p>\t\t\t\t\t\t\t\t<\/div>\n\t\t\t\t<div class=\"elementor-element elementor-element-a802e8f elementor-widget elementor-widget-text-editor\" data-id=\"a802e8f\" data-element_type=\"widget\" data-widget_type=\"text-editor.default\">\n\t\t\t\t\t\t\t\t\t<p>Desde 1974, nuestro espacio en el barrio de Sarri\u00e0 ha sido un punto de encuentro para todas aquellas personas que buscan cuidarse de forma consciente, respetuosa y natural.<\/p>\t\t\t\t\t\t\t\t<\/div>\n\t\t\t\t<\/div>\n\t\t\t\t<div class=\"elementor-element elementor-element-b7bd92c elementor-widget elementor-widget-spacer\" data-id=\"b7bd92c\" data-element_type=\"widget\" data-widget_type=\"spacer.default\">\n\t\t\t\t\t\t\t<div class=\"elementor-spacer\">\n\t\t\t<div class=\"elementor-spacer-inner\"><\/div>\n\t\t<\/div>\n\t\t\t\t\t\t<\/div>\n\t\t\t\t<\/div>\n\t\t<div class=\"elementor-element elementor-element-023381c e-con-full e-flex e-con e-child\" data-id=\"023381c\" data-element_type=\"container\">\n\t\t<div class=\"elementor-element elementor-element-b7d0de5 e-con-full e-flex elementor-invisible e-con e-child\" data-id=\"b7d0de5\" data-element_type=\"container\" data-settings=\"{&quot;animation&quot;:&quot;fadeInRight&quot;}\">\n\t\t\t\t<div class=\"elementor-element elementor-element-de91c58 elementor-widget elementor-widget-text-editor\" data-id=\"de91c58\" data-element_type=\"widget\" data-widget_type=\"text-editor.default\">\n\t\t\t\t\t\t\t\t\t<p>Trabajamos desde una mirada hol\u00edstica, creando un ambiente de confianza donde nuestro compromiso est\u00e1 claro: ayudarte a mejorar tu d\u00eda a d\u00eda, tanto a nivel f\u00edsico como emocional.<\/p>\t\t\t\t\t\t\t\t<\/div>\n\t\t\t\t<div class=\"elementor-element elementor-element-24add3e elementor-widget elementor-widget-text-editor\" data-id=\"24add3e\" data-element_type=\"widget\" data-widget_type=\"text-editor.default\">\n\t\t\t\t\t\t\t\t\t<p>Creemos en una salud que integra h\u00e1bitos, emociones y alimentaci\u00f3n, y por eso seleccionamos cuidadosamente cada producto y cada recomendaci\u00f3n, siempre pensando en tu bienestar global.<\/p>\t\t\t\t\t\t\t\t<\/div>\n\t\t\t\t<\/div>\n\t\t\t\t<div class=\"elementor-element elementor-element-e516cfe elementor-invisible elementor-widget elementor-widget-image\" data-id=\"e516cfe\" data-element_type=\"widget\" data-settings=\"{&quot;_animation&quot;:&quot;fadeIn&quot;}\" data-widget_type=\"image.default\">\n\t\t\t\t\t\t\t\t\t\t\t\t\t\t\t<img loading=\"lazy\" decoding=\"async\" width=\"396\" height=\"349\" src=\"https:\/\/www.biosarria.com\/wp-content\/uploads\/2025\/12\/biosarria-home-4-black.png\" class=\"attachment-large size-large wp-image-1176\" alt=\"\" srcset=\"https:\/\/www.biosarria.com\/wp-content\/uploads\/2025\/12\/biosarria-home-4-black.png 396w, https:\/\/www.biosarria.com\/wp-content\/uploads\/2025\/12\/biosarria-home-4-black-300x264.png 300w\" sizes=\"(max-width: 396px) 100vw, 396px\" \/>\t\t\t\t\t\t\t\t\t\t\t\t\t\t\t<\/div>\n\t\t\t\t<\/div>\n\t\t\t\t\t<\/div>\n\t\t\t\t<\/div>\n\t\t<div class=\"elementor-element elementor-element-1546b3f e-con-full e-flex e-con e-parent\" data-id=\"1546b3f\" data-element_type=\"container\" data-settings=\"{&quot;background_background&quot;:&quot;classic&quot;}\">\n\t\t<div class=\"elementor-element elementor-element-a84f89f e-flex e-con-boxed e-con e-child\" data-id=\"a84f89f\" data-element_type=\"container\">\n\t\t\t\t\t<div class=\"e-con-inner\">\n\t\t\t\t<div class=\"elementor-element elementor-element-2a57fb2 elementor-widget elementor-widget-text-editor\" data-id=\"2a57fb2\" data-element_type=\"widget\" data-widget_type=\"text-editor.default\">\n\t\t\t\t\t\t\t\t\t<h2><span style=\"color: #000000;\">CUIDARTE ES UN ACTO DE CONOCIMIENTO Y DELICADEZA<\/span><\/h2>\t\t\t\t\t\t\t\t<\/div>\n\t\t\t\t<div class=\"elementor-element elementor-element-95d0622 elementor-widget elementor-widget-qi_addons_for_elementor_button\" data-id=\"95d0622\" data-element_type=\"widget\" data-widget_type=\"qi_addons_for_elementor_button.default\">\n\t\t\t\t<div class=\"elementor-widget-container\">\n\t\t\t\t\t<a class=\"qodef-shortcode qodef-m qodef-qi-button qodef-html--link qodef-layout--filled qodef-type--standard qodef-icon--right qodef-hover--icon-move-horizontal-short\" href=\"https:\/\/www.biosarria.com\/es\/te-ayudamos\/\" target=\"_self\">\n\t<span class=\"qodef-m-text\">Te ayudamos +<\/span>\n\t<\/a>\n\t\t\t\t<\/div>\n\t\t\t\t<\/div>\n\t\t\t\t\t<\/div>\n\t\t\t\t<\/div>\n\t\t\t\t<\/div>\n\t\t\t\t<\/div>\n\t\t","protected":false},"excerpt":{"rendered":"<p>DONDE LA NATURALEZA Y LA CALMA TE VUELVEN EL EQUILIBRIO Alimentaci\u00f3n ecol\u00f3gica y de proximidad Alimentos ecol\u00f3gicos y cercanos que nutren con calidad, respetan ritmos naturales y cuidan de tu salud. Suplementaci\u00f3n org\u00e1nica y nutrac\u00e9uticos Suplementaci\u00f3n natural de alta calidad que acompa\u00f1a a procesos de&#8230;<\/p>\n","protected":false},"author":1,"featured_media":0,"parent":0,"menu_order":0,"comment_status":"closed","ping_status":"closed","template":"full_width.php","meta":{"_monsterinsights_skip_tracking":false,"_monsterinsights_sitenote_active":false,"_monsterinsights_sitenote_note":"","_monsterinsights_sitenote_category":0,"_joinchat":[],"footnotes":""},"class_list":["post-1178","page","type-page","status-publish","hentry"],"yoast_head":"<!-- This site is optimized with the Yoast SEO plugin v26.8 - https:\/\/yoast.com\/product\/yoast-seo-wordpress\/ -->\n<title>La tienda - BioSarria<\/title>\n<meta name=\"description\" content=\"En Biosarri\u00e0 nos dedicamos a escuchar y acompa\u00f1ar a las personas en su proceso de transformaci\u00f3n hacia un estilo de vida m\u00e1s saludable y sostenible.\" \/>\n<meta name=\"robots\" content=\"index, follow, max-snippet:-1, max-image-preview:large, max-video-preview:-1\" \/>\n<link rel=\"canonical\" href=\"https:\/\/www.biosarria.com\/es\/\" \/>\n<meta property=\"og:locale\" content=\"es_ES\" \/>\n<meta property=\"og:type\" content=\"article\" \/>\n<meta property=\"og:title\" content=\"La tienda - BioSarria\" \/>\n<meta property=\"og:description\" content=\"En Biosarri\u00e0 nos dedicamos a escuchar y acompa\u00f1ar a las personas en su proceso de transformaci\u00f3n hacia un estilo de vida m\u00e1s saludable y sostenible.\" \/>\n<meta property=\"og:url\" content=\"https:\/\/www.biosarria.com\/es\/\" \/>\n<meta property=\"og:site_name\" content=\"BioSarria\" \/>\n<meta property=\"article:modified_time\" content=\"2026-02-05T10:22:19+00:00\" \/>\n<meta property=\"og:image\" content=\"https:\/\/www.biosarria.com\/wp-content\/uploads\/2025\/12\/biosarria-icon-hoja.png\" \/>\n\t<meta property=\"og:image:width\" content=\"140\" \/>\n\t<meta property=\"og:image:height\" content=\"480\" \/>\n\t<meta property=\"og:image:type\" content=\"image\/png\" \/>\n<meta name=\"twitter:card\" content=\"summary_large_image\" \/>\n<meta name=\"twitter:label1\" content=\"Tiempo de lectura\" \/>\n\t<meta name=\"twitter:data1\" content=\"1 minuto\" \/>\n<script type=\"application\/ld+json\" class=\"yoast-schema-graph\">{\"@context\":\"https:\/\/schema.org\",\"@graph\":[{\"@type\":\"WebPage\",\"@id\":\"https:\/\/www.biosarria.com\/es\/\",\"url\":\"https:\/\/www.biosarria.com\/es\/\",\"name\":\"La tienda - BioSarria\",\"isPartOf\":{\"@id\":\"https:\/\/www.biosarria.com\/es\/#website\"},\"primaryImageOfPage\":{\"@id\":\"https:\/\/www.biosarria.com\/es\/#primaryimage\"},\"image\":{\"@id\":\"https:\/\/www.biosarria.com\/es\/#primaryimage\"},\"thumbnailUrl\":\"https:\/\/www.biosarria.com\/wp-content\/uploads\/2025\/12\/biosarria-icon-hoja.png\",\"datePublished\":\"2020-05-08T09:56:19+00:00\",\"dateModified\":\"2026-02-05T10:22:19+00:00\",\"description\":\"En Biosarri\u00e0 nos dedicamos a escuchar y acompa\u00f1ar a las personas en su proceso de transformaci\u00f3n hacia un estilo de vida m\u00e1s saludable y sostenible.\",\"breadcrumb\":{\"@id\":\"https:\/\/www.biosarria.com\/es\/#breadcrumb\"},\"inLanguage\":\"es\",\"potentialAction\":[{\"@type\":\"ReadAction\",\"target\":[\"https:\/\/www.biosarria.com\/es\/\"]}]},{\"@type\":\"ImageObject\",\"inLanguage\":\"es\",\"@id\":\"https:\/\/www.biosarria.com\/es\/#primaryimage\",\"url\":\"https:\/\/www.biosarria.com\/wp-content\/uploads\/2025\/12\/biosarria-icon-hoja.png\",\"contentUrl\":\"https:\/\/www.biosarria.com\/wp-content\/uploads\/2025\/12\/biosarria-icon-hoja.png\"},{\"@type\":\"BreadcrumbList\",\"@id\":\"https:\/\/www.biosarria.com\/es\/#breadcrumb\",\"itemListElement\":[{\"@type\":\"ListItem\",\"position\":1,\"name\":\"Portada\",\"item\":\"https:\/\/www.biosarria.com\/es\/\"},{\"@type\":\"ListItem\",\"position\":2,\"name\":\"La tienda\"}]},{\"@type\":\"WebSite\",\"@id\":\"https:\/\/www.biosarria.com\/es\/#website\",\"url\":\"https:\/\/www.biosarria.com\/es\/\",\"name\":\"BioSarria\",\"description\":\"\",\"publisher\":{\"@id\":\"https:\/\/www.biosarria.com\/es\/#organization\"},\"potentialAction\":[{\"@type\":\"SearchAction\",\"target\":{\"@type\":\"EntryPoint\",\"urlTemplate\":\"https:\/\/www.biosarria.com\/es\/?s={search_term_string}\"},\"query-input\":{\"@type\":\"PropertyValueSpecification\",\"valueRequired\":true,\"valueName\":\"search_term_string\"}}],\"inLanguage\":\"es\"},{\"@type\":\"Organization\",\"@id\":\"https:\/\/www.biosarria.com\/es\/#organization\",\"name\":\"BioSarria\",\"url\":\"https:\/\/www.biosarria.com\/es\/\",\"logo\":{\"@type\":\"ImageObject\",\"inLanguage\":\"es\",\"@id\":\"https:\/\/www.biosarria.com\/es\/#\/schema\/logo\/image\/\",\"url\":\"https:\/\/www.biosarria.com\/wp-content\/uploads\/2025\/12\/biosarria-logo-v-2.png\",\"contentUrl\":\"https:\/\/www.biosarria.com\/wp-content\/uploads\/2025\/12\/biosarria-logo-v-2.png\",\"width\":402,\"height\":552,\"caption\":\"BioSarria\"},\"image\":{\"@id\":\"https:\/\/www.biosarria.com\/es\/#\/schema\/logo\/image\/\"},\"sameAs\":[\"https:\/\/www.instagram.com\/biosarria_tienda\/\"]}]}<\/script>\n<!-- \/ Yoast SEO plugin. -->","yoast_head_json":{"title":"La tienda - BioSarria","description":"En Biosarri\u00e0 nos dedicamos a escuchar y acompa\u00f1ar a las personas en su proceso de transformaci\u00f3n hacia un estilo de vida m\u00e1s saludable y sostenible.","robots":{"index":"index","follow":"follow","max-snippet":"max-snippet:-1","max-image-preview":"max-image-preview:large","max-video-preview":"max-video-preview:-1"},"canonical":"https:\/\/www.biosarria.com\/es\/","og_locale":"es_ES","og_type":"article","og_title":"La tienda - BioSarria","og_description":"En Biosarri\u00e0 nos dedicamos a escuchar y acompa\u00f1ar a las personas en su proceso de transformaci\u00f3n hacia un estilo de vida m\u00e1s saludable y sostenible.","og_url":"https:\/\/www.biosarria.com\/es\/","og_site_name":"BioSarria","article_modified_time":"2026-02-05T10:22:19+00:00","og_image":[{"width":140,"height":480,"url":"https:\/\/www.biosarria.com\/wp-content\/uploads\/2025\/12\/biosarria-icon-hoja.png","type":"image\/png"}],"twitter_card":"summary_large_image","twitter_misc":{"Tiempo de lectura":"1 minuto"},"schema":{"@context":"https:\/\/schema.org","@graph":[{"@type":"WebPage","@id":"https:\/\/www.biosarria.com\/es\/","url":"https:\/\/www.biosarria.com\/es\/","name":"La tienda - BioSarria","isPartOf":{"@id":"https:\/\/www.biosarria.com\/es\/#website"},"primaryImageOfPage":{"@id":"https:\/\/www.biosarria.com\/es\/#primaryimage"},"image":{"@id":"https:\/\/www.biosarria.com\/es\/#primaryimage"},"thumbnailUrl":"https:\/\/www.biosarria.com\/wp-content\/uploads\/2025\/12\/biosarria-icon-hoja.png","datePublished":"2020-05-08T09:56:19+00:00","dateModified":"2026-02-05T10:22:19+00:00","description":"En Biosarri\u00e0 nos dedicamos a escuchar y acompa\u00f1ar a las personas en su proceso de transformaci\u00f3n hacia un estilo de vida m\u00e1s saludable y sostenible.","breadcrumb":{"@id":"https:\/\/www.biosarria.com\/es\/#breadcrumb"},"inLanguage":"es","potentialAction":[{"@type":"ReadAction","target":["https:\/\/www.biosarria.com\/es\/"]}]},{"@type":"ImageObject","inLanguage":"es","@id":"https:\/\/www.biosarria.com\/es\/#primaryimage","url":"https:\/\/www.biosarria.com\/wp-content\/uploads\/2025\/12\/biosarria-icon-hoja.png","contentUrl":"https:\/\/www.biosarria.com\/wp-content\/uploads\/2025\/12\/biosarria-icon-hoja.png"},{"@type":"BreadcrumbList","@id":"https:\/\/www.biosarria.com\/es\/#breadcrumb","itemListElement":[{"@type":"ListItem","position":1,"name":"Portada","item":"https:\/\/www.biosarria.com\/es\/"},{"@type":"ListItem","position":2,"name":"La tienda"}]},{"@type":"WebSite","@id":"https:\/\/www.biosarria.com\/es\/#website","url":"https:\/\/www.biosarria.com\/es\/","name":"BioSarria","description":"","publisher":{"@id":"https:\/\/www.biosarria.com\/es\/#organization"},"potentialAction":[{"@type":"SearchAction","target":{"@type":"EntryPoint","urlTemplate":"https:\/\/www.biosarria.com\/es\/?s={search_term_string}"},"query-input":{"@type":"PropertyValueSpecification","valueRequired":true,"valueName":"search_term_string"}}],"inLanguage":"es"},{"@type":"Organization","@id":"https:\/\/www.biosarria.com\/es\/#organization","name":"BioSarria","url":"https:\/\/www.biosarria.com\/es\/","logo":{"@type":"ImageObject","inLanguage":"es","@id":"https:\/\/www.biosarria.com\/es\/#\/schema\/logo\/image\/","url":"https:\/\/www.biosarria.com\/wp-content\/uploads\/2025\/12\/biosarria-logo-v-2.png","contentUrl":"https:\/\/www.biosarria.com\/wp-content\/uploads\/2025\/12\/biosarria-logo-v-2.png","width":402,"height":552,"caption":"BioSarria"},"image":{"@id":"https:\/\/www.biosarria.com\/es\/#\/schema\/logo\/image\/"},"sameAs":["https:\/\/www.instagram.com\/biosarria_tienda\/"]}]}},"_links":{"self":[{"href":"https:\/\/www.biosarria.com\/es\/wp-json\/wp\/v2\/pages\/1178","targetHints":{"allow":["GET"]}}],"collection":[{"href":"https:\/\/www.biosarria.com\/es\/wp-json\/wp\/v2\/pages"}],"about":[{"href":"https:\/\/www.biosarria.com\/es\/wp-json\/wp\/v2\/types\/page"}],"author":[{"embeddable":true,"href":"https:\/\/www.biosarria.com\/es\/wp-json\/wp\/v2\/users\/1"}],"replies":[{"embeddable":true,"href":"https:\/\/www.biosarria.com\/es\/wp-json\/wp\/v2\/comments?post=1178"}],"version-history":[{"count":6,"href":"https:\/\/www.biosarria.com\/es\/wp-json\/wp\/v2\/pages\/1178\/revisions"}],"predecessor-version":[{"id":1394,"href":"https:\/\/www.biosarria.com\/es\/wp-json\/wp\/v2\/pages\/1178\/revisions\/1394"}],"wp:attachment":[{"href":"https:\/\/www.biosarria.com\/es\/wp-json\/wp\/v2\/media?parent=1178"}],"curies":[{"name":"wp","href":"https:\/\/api.w.org\/{rel}","templated":true}]}}