{"id":1216,"date":"2025-12-12T14:36:39","date_gmt":"2025-12-12T13:36:39","guid":{"rendered":"https:\/\/www.biosarria.com\/te-ayudamos\/"},"modified":"2026-02-03T13:07:43","modified_gmt":"2026-02-03T12:07:43","slug":"te-ayudamos","status":"publish","type":"page","link":"https:\/\/www.biosarria.com\/es\/te-ayudamos\/","title":{"rendered":"Te ayudamos"},"content":{"rendered":"\t\t<div data-elementor-type=\"wp-page\" data-elementor-id=\"1216\" class=\"elementor elementor-1216 elementor-473\">\n\t\t\t\t<div class=\"elementor-element elementor-element-254d7d3 e-flex e-con-boxed e-con e-parent\" data-id=\"254d7d3\" data-element_type=\"container\">\n\t\t\t\t\t<div class=\"e-con-inner\">\n\t\t<div class=\"elementor-element elementor-element-d710498 e-con-full e-flex e-con e-child\" data-id=\"d710498\" data-element_type=\"container\">\n\t\t\t\t<div class=\"elementor-element elementor-element-1bdfbbb elementor-invisible elementor-widget elementor-widget-image\" data-id=\"1bdfbbb\" data-element_type=\"widget\" data-settings=\"{&quot;_animation&quot;:&quot;fadeInRight&quot;,&quot;_animation_delay&quot;:300}\" data-widget_type=\"image.default\">\n\t\t\t\t\t\t\t\t\t\t\t\t\t\t\t<img fetchpriority=\"high\" decoding=\"async\" width=\"600\" height=\"896\" src=\"https:\/\/www.biosarria.com\/wp-content\/uploads\/2025\/12\/biosarria-tajudem-4.webp\" class=\"attachment-large size-large wp-image-1213\" alt=\"\" srcset=\"https:\/\/www.biosarria.com\/wp-content\/uploads\/2025\/12\/biosarria-tajudem-4.webp 600w, https:\/\/www.biosarria.com\/wp-content\/uploads\/2025\/12\/biosarria-tajudem-4-201x300.webp 201w\" sizes=\"(max-width: 600px) 100vw, 600px\" \/>\t\t\t\t\t\t\t\t\t\t\t\t\t\t\t<\/div>\n\t\t\t\t<\/div>\n\t\t<div class=\"elementor-element elementor-element-67b195a e-con-full e-flex e-con e-child\" data-id=\"67b195a\" data-element_type=\"container\">\n\t\t\t\t<div class=\"elementor-element elementor-element-211ddb6 elementor-widget elementor-widget-text-editor\" data-id=\"211ddb6\" data-element_type=\"widget\" data-widget_type=\"text-editor.default\">\n\t\t\t\t\t\t\t\t\t<h1><span style=\"color: #00632e;\">Tus inquietudes, dudas y necesidades son nuestra motivaci\u00f3n<\/span><\/h1>\t\t\t\t\t\t\t\t<\/div>\n\t\t\t\t<div class=\"elementor-element elementor-element-fa2e962 elementor-widget elementor-widget-text-editor\" data-id=\"fa2e962\" data-element_type=\"widget\" data-widget_type=\"text-editor.default\">\n\t\t\t\t\t\t\t\t\t<p><span style=\"color: #97bf0d;\">En Biosarri\u00e0 somos dos personas que amamos profundamente nuestro trabajo. Entre ambas sumamos m\u00e1s de 30 a\u00f1os de experiencia en el mundo de la salud y el bienestar. <\/span><\/p>\t\t\t\t\t\t\t\t<\/div>\n\t\t\t\t<div class=\"elementor-element elementor-element-b626ef0 elementor-widget elementor-widget-text-editor\" data-id=\"b626ef0\" data-element_type=\"widget\" data-widget_type=\"text-editor.default\">\n\t\t\t\t\t\t\t\t\t<p><span style=\"color: #97bf0d;\">Nos dedicamos a escuchar y acompa\u00f1ar a las personas en su proceso de transformaci\u00f3n hacia un estilo de vida m\u00e1s saludable y sostenible.<\/span><\/p>\t\t\t\t\t\t\t\t<\/div>\n\t\t\t\t<div class=\"elementor-element elementor-element-24acd65 elementor-widget elementor-widget-text-editor\" data-id=\"24acd65\" data-element_type=\"widget\" data-widget_type=\"text-editor.default\">\n\t\t\t\t\t\t\t\t\t<p><span style=\"color: #97bf0d;\">Tenemos formaci\u00f3n en diet\u00e9tica y nutrici\u00f3n natural, macrobi\u00f3tica, arteterapia, terapia floral, aromaterapia, txikung y kinesiolog\u00eda.<\/span><\/p>\t\t\t\t\t\t\t\t<\/div>\n\t\t\t\t<\/div>\n\t\t\t\t\t<\/div>\n\t\t\t\t<\/div>\n\t\t<div class=\"elementor-element elementor-element-0df3ae9 e-flex e-con-boxed e-con e-parent\" data-id=\"0df3ae9\" data-element_type=\"container\" data-settings=\"{&quot;background_background&quot;:&quot;classic&quot;}\">\n\t\t\t\t\t<div class=\"e-con-inner\">\n\t\t<div class=\"elementor-element elementor-element-ef9a6d1 e-con-full e-flex elementor-invisible e-con e-child\" data-id=\"ef9a6d1\" data-element_type=\"container\" data-settings=\"{&quot;animation&quot;:&quot;fadeInLeft&quot;}\">\n\t\t\t\t<div class=\"elementor-element elementor-element-aa94f27 elementor-widget elementor-widget-text-editor\" data-id=\"aa94f27\" data-element_type=\"widget\" data-widget_type=\"text-editor.default\">\n\t\t\t\t\t\t\t\t\t<h2><span style=\"color: #000000;\">CONSULTA PERSONALIZADA<\/span><\/h2>\t\t\t\t\t\t\t\t<\/div>\n\t\t\t\t<\/div>\n\t\t<div class=\"elementor-element elementor-element-8bcb4b8 e-con-full e-flex elementor-invisible e-con e-child\" data-id=\"8bcb4b8\" data-element_type=\"container\" data-settings=\"{&quot;animation&quot;:&quot;fadeInLeft&quot;}\">\n\t\t\t\t<div class=\"elementor-element elementor-element-8a1b4de elementor-widget elementor-widget-text-editor\" data-id=\"8a1b4de\" data-element_type=\"widget\" data-widget_type=\"text-editor.default\">\n\t\t\t\t\t\t\t\t\t<h3><span style=\"color: #000000;\">Cuando es necesario profundizar m\u00e1s, ofrecemos un servicio de consulta individualizada, presencial o online.<\/span><\/h3>\t\t\t\t\t\t\t\t<\/div>\n\t\t\t\t<\/div>\n\t\t<div class=\"elementor-element elementor-element-5b435a2 e-con-full e-flex elementor-invisible e-con e-child\" data-id=\"5b435a2\" data-element_type=\"container\" data-settings=\"{&quot;animation&quot;:&quot;fadeInLeft&quot;}\">\n\t\t\t\t<div class=\"elementor-element elementor-element-63921a5 elementor-widget elementor-widget-image\" data-id=\"63921a5\" data-element_type=\"widget\" data-widget_type=\"image.default\">\n\t\t\t\t\t\t\t\t\t\t\t\t\t\t\t<img decoding=\"async\" width=\"419\" height=\"208\" src=\"https:\/\/www.biosarria.com\/wp-content\/uploads\/2025\/12\/biosarria-tajudem-2.webp\" class=\"attachment-large size-large wp-image-1214\" alt=\"\" srcset=\"https:\/\/www.biosarria.com\/wp-content\/uploads\/2025\/12\/biosarria-tajudem-2.webp 419w, https:\/\/www.biosarria.com\/wp-content\/uploads\/2025\/12\/biosarria-tajudem-2-300x149.webp 300w\" sizes=\"(max-width: 419px) 100vw, 419px\" \/>\t\t\t\t\t\t\t\t\t\t\t\t\t\t\t<\/div>\n\t\t\t\t<\/div>\n\t\t<div class=\"elementor-element elementor-element-837ec0a e-con-full e-flex e-con e-child\" data-id=\"837ec0a\" data-element_type=\"container\">\n\t\t<div class=\"elementor-element elementor-element-40f34de e-con-full e-flex elementor-invisible e-con e-child\" data-id=\"40f34de\" data-element_type=\"container\" data-settings=\"{&quot;animation&quot;:&quot;fadeInDown&quot;}\">\n\t\t\t\t<div class=\"elementor-element elementor-element-27b6b21 elementor-widget elementor-widget-text-editor\" data-id=\"27b6b21\" data-element_type=\"widget\" data-widget_type=\"text-editor.default\">\n\t\t\t\t\t\t\t\t\t<h3><span style=\"color: #000000;\">PRIMERA SESI\u00d3N 1h\n<\/span><\/h3>\t\t\t\t\t\t\t\t<\/div>\n\t\t\t\t<div class=\"elementor-element elementor-element-f0e7bca elementor-widget elementor-widget-text-editor\" data-id=\"f0e7bca\" data-element_type=\"widget\" data-widget_type=\"text-editor.default\">\n\t\t\t\t\t\t\t\t\t<p>Valoramos tu situaci\u00f3n y establecemos<br> un plan personalizado<\/p>\t\t\t\t\t\t\t\t<\/div>\n\t\t\t\t<\/div>\n\t\t\t\t<\/div>\n\t\t<div class=\"elementor-element elementor-element-023381c e-con-full e-flex e-con e-child\" data-id=\"023381c\" data-element_type=\"container\">\n\t\t<div class=\"elementor-element elementor-element-b7d0de5 e-con-full e-flex elementor-invisible e-con e-child\" data-id=\"b7d0de5\" data-element_type=\"container\" data-settings=\"{&quot;animation&quot;:&quot;fadeInRight&quot;}\">\n\t\t<div class=\"elementor-element elementor-element-658d29c e-con-full e-flex elementor-invisible e-con e-child\" data-id=\"658d29c\" data-element_type=\"container\" data-settings=\"{&quot;animation&quot;:&quot;fadeInDown&quot;}\">\n\t\t\t\t<div class=\"elementor-element elementor-element-572fc5c elementor-widget elementor-widget-text-editor\" data-id=\"572fc5c\" data-element_type=\"widget\" data-widget_type=\"text-editor.default\">\n\t\t\t\t\t\t\t\t\t<h3><span style=\"color: #000000;\">SESIONES SEGUIMIENTO 30 min\n<\/span><\/h3>\t\t\t\t\t\t\t\t<\/div>\n\t\t\t\t<div class=\"elementor-element elementor-element-6d8308b elementor-widget elementor-widget-text-editor\" data-id=\"6d8308b\" data-element_type=\"widget\" data-widget_type=\"text-editor.default\">\n\t\t\t\t\t\t\t\t\t<p>Sesiones adaptadas a tu proceso y<br> a tus necesidades personales.<\/p>\t\t\t\t\t\t\t\t<\/div>\n\t\t\t\t<\/div>\n\t\t\t\t<\/div>\n\t\t\t\t<\/div>\n\t\t<div class=\"elementor-element elementor-element-81c03ce e-con-full e-flex elementor-invisible e-con e-child\" data-id=\"81c03ce\" data-element_type=\"container\" data-settings=\"{&quot;animation&quot;:&quot;fadeInLeft&quot;}\">\n\t\t\t\t<div class=\"elementor-element elementor-element-5e31529 elementor-widget elementor-widget-text-editor\" data-id=\"5e31529\" data-element_type=\"widget\" data-widget_type=\"text-editor.default\">\n\t\t\t\t\t\t\t\t\t<h3><span style=\"color: #000000;\">T\u00fa eres una persona \u00fanica, y tambi\u00e9n lo es tu forma de equilibrarte y cuidarte.<\/span><\/h3>\t\t\t\t\t\t\t\t<\/div>\n\t\t\t\t<\/div>\n\t\t<div class=\"elementor-element elementor-element-538b2ae e-con-full e-flex elementor-invisible e-con e-child\" data-id=\"538b2ae\" data-element_type=\"container\" data-settings=\"{&quot;animation&quot;:&quot;fadeInLeft&quot;}\">\n\t\t<div class=\"elementor-element elementor-element-4bd4c77 e-con-full e-flex e-con e-child\" data-id=\"4bd4c77\" data-element_type=\"container\">\n\t\t\t\t<div class=\"elementor-element elementor-element-3e16e79 elementor-widget elementor-widget-text-editor\" data-id=\"3e16e79\" data-element_type=\"widget\" data-widget_type=\"text-editor.default\">\n\t\t\t\t\t\t\t\t\t<h3><span style=\"color: #000000;\">\u00c1MBITOS DE LA SALUD DONDE TE PODEMOS AYUDAR CON SUPLEMENTOS ALIMENTARIOS<\/span><\/h3>\t\t\t\t\t\t\t\t<\/div>\n\t\t\t\t<\/div>\n\t\t<div class=\"elementor-element elementor-element-596b8c8 e-con-full e-flex e-con e-child\" data-id=\"596b8c8\" data-element_type=\"container\">\n\t\t\t\t<div class=\"elementor-element elementor-element-73dff9e elementor-widget elementor-widget-qi_addons_for_elementor_button\" data-id=\"73dff9e\" data-element_type=\"widget\" data-widget_type=\"qi_addons_for_elementor_button.default\">\n\t\t\t\t<div class=\"elementor-widget-container\">\n\t\t\t\t\t<a class=\"qodef-shortcode qodef-m qodef-qi-button qodef-html--link qodef-layout--filled qodef-type--standard qodef-icon--right qodef-hover--icon-move-horizontal-short\" href=\"https:\/\/www.biosarria.com\/es\/productos\/#consulta-personalitzada\" target=\"_self\">\n\t<span class=\"qodef-m-text\">Ver ambitos de la salud +<\/span>\n\t<\/a>\n\t\t\t\t<\/div>\n\t\t\t\t<\/div>\n\t\t\t\t<\/div>\n\t\t\t\t<\/div>\n\t\t\t\t\t<\/div>\n\t\t\t\t<\/div>\n\t\t<div class=\"elementor-element elementor-element-1546b3f e-con-full e-flex e-con e-parent\" data-id=\"1546b3f\" data-element_type=\"container\" data-settings=\"{&quot;background_background&quot;:&quot;classic&quot;}\">\n\t\t<div class=\"elementor-element elementor-element-a84f89f e-flex e-con-boxed e-con e-child\" data-id=\"a84f89f\" data-element_type=\"container\">\n\t\t\t\t\t<div class=\"e-con-inner\">\n\t\t\t\t<div class=\"elementor-element elementor-element-2a57fb2 elementor-widget__width-initial elementor-widget elementor-widget-text-editor\" data-id=\"2a57fb2\" data-element_type=\"widget\" data-widget_type=\"text-editor.default\">\n\t\t\t\t\t\t\t\t\t<h2>NOS PUEDES ESCRIBIR O VENIR A VER NOS GUSTA ACOMPA\u00d1ARTE EN ESTE CAMINO HACIA TU BIENESTAR<\/h2>\t\t\t\t\t\t\t\t<\/div>\n\t\t\t\t<div class=\"elementor-element elementor-element-91ebf0f elementor-widget elementor-widget-qi_addons_for_elementor_button\" data-id=\"91ebf0f\" data-element_type=\"widget\" data-widget_type=\"qi_addons_for_elementor_button.default\">\n\t\t\t\t<div class=\"elementor-widget-container\">\n\t\t\t\t\t<a class=\"qodef-shortcode qodef-m qodef-qi-button qodef-html--link qodef-layout--filled qodef-type--standard qodef-icon--right qodef-hover--icon-move-horizontal-short\" href=\"https:\/\/www.biosarria.com\/es\/contacto\/\" target=\"_self\">\n\t<span class=\"qodef-m-text\">Empecemos +<\/span>\n\t<\/a>\n\t\t\t\t<\/div>\n\t\t\t\t<\/div>\n\t\t\t\t\t<\/div>\n\t\t\t\t<\/div>\n\t\t\t\t<\/div>\n\t\t\t\t<\/div>\n\t\t","protected":false},"excerpt":{"rendered":"<p>Tus inquietudes, dudas y necesidades son nuestra motivaci\u00f3n En Biosarri\u00e0 somos dos personas que amamos profundamente nuestro trabajo. Entre ambas sumamos m\u00e1s de 30 a\u00f1os de experiencia en el mundo de la salud y el bienestar. Nos dedicamos a escuchar y acompa\u00f1ar a las personas&#8230;<\/p>\n","protected":false},"author":1,"featured_media":0,"parent":0,"menu_order":0,"comment_status":"closed","ping_status":"closed","template":"full_width.php","meta":{"_monsterinsights_skip_tracking":false,"_monsterinsights_sitenote_active":false,"_monsterinsights_sitenote_note":"","_monsterinsights_sitenote_category":0,"_joinchat":[],"footnotes":""},"class_list":["post-1216","page","type-page","status-publish","hentry"],"yoast_head":"<!-- This site is optimized with the Yoast SEO plugin v26.8 - https:\/\/yoast.com\/product\/yoast-seo-wordpress\/ -->\n<title>Te ayudamos - BioSarria<\/title>\n<meta name=\"description\" content=\"Nos dedicamos a escuchar y acompa\u00f1ar a las personas en su proceso de transformaci\u00f3n hacia un estilo de vida m\u00e1s saludable y sostenible.\" \/>\n<meta name=\"robots\" content=\"index, follow, max-snippet:-1, max-image-preview:large, max-video-preview:-1\" \/>\n<link rel=\"canonical\" href=\"https:\/\/www.biosarria.com\/es\/te-ayudamos\/\" \/>\n<meta property=\"og:locale\" content=\"es_ES\" \/>\n<meta property=\"og:type\" content=\"article\" \/>\n<meta property=\"og:title\" content=\"Te ayudamos - BioSarria\" \/>\n<meta property=\"og:description\" content=\"Nos dedicamos a escuchar y acompa\u00f1ar a las personas en su proceso de transformaci\u00f3n hacia un estilo de vida m\u00e1s saludable y sostenible.\" \/>\n<meta property=\"og:url\" content=\"https:\/\/www.biosarria.com\/es\/te-ayudamos\/\" \/>\n<meta property=\"og:site_name\" content=\"BioSarria\" \/>\n<meta property=\"article:modified_time\" content=\"2026-02-03T12:07:43+00:00\" \/>\n<meta property=\"og:image\" content=\"https:\/\/www.biosarria.com\/wp-content\/uploads\/2025\/12\/biosarria-tajudem-4.webp\" \/>\n\t<meta property=\"og:image:width\" content=\"600\" \/>\n\t<meta property=\"og:image:height\" content=\"896\" \/>\n\t<meta property=\"og:image:type\" content=\"image\/webp\" \/>\n<meta name=\"twitter:card\" content=\"summary_large_image\" \/>\n<meta name=\"twitter:label1\" content=\"Tiempo de lectura\" \/>\n\t<meta name=\"twitter:data1\" content=\"1 minuto\" \/>\n<script type=\"application\/ld+json\" class=\"yoast-schema-graph\">{\"@context\":\"https:\/\/schema.org\",\"@graph\":[{\"@type\":\"WebPage\",\"@id\":\"https:\/\/www.biosarria.com\/es\/te-ayudamos\/\",\"url\":\"https:\/\/www.biosarria.com\/es\/te-ayudamos\/\",\"name\":\"Te ayudamos - BioSarria\",\"isPartOf\":{\"@id\":\"https:\/\/www.biosarria.com\/es\/#website\"},\"primaryImageOfPage\":{\"@id\":\"https:\/\/www.biosarria.com\/es\/te-ayudamos\/#primaryimage\"},\"image\":{\"@id\":\"https:\/\/www.biosarria.com\/es\/te-ayudamos\/#primaryimage\"},\"thumbnailUrl\":\"https:\/\/www.biosarria.com\/wp-content\/uploads\/2025\/12\/biosarria-tajudem-4.webp\",\"datePublished\":\"2025-12-12T13:36:39+00:00\",\"dateModified\":\"2026-02-03T12:07:43+00:00\",\"description\":\"Nos dedicamos a escuchar y acompa\u00f1ar a las personas en su proceso de transformaci\u00f3n hacia un estilo de vida m\u00e1s saludable y sostenible.\",\"breadcrumb\":{\"@id\":\"https:\/\/www.biosarria.com\/es\/te-ayudamos\/#breadcrumb\"},\"inLanguage\":\"es\",\"potentialAction\":[{\"@type\":\"ReadAction\",\"target\":[\"https:\/\/www.biosarria.com\/es\/te-ayudamos\/\"]}]},{\"@type\":\"ImageObject\",\"inLanguage\":\"es\",\"@id\":\"https:\/\/www.biosarria.com\/es\/te-ayudamos\/#primaryimage\",\"url\":\"https:\/\/www.biosarria.com\/wp-content\/uploads\/2025\/12\/biosarria-tajudem-4.webp\",\"contentUrl\":\"https:\/\/www.biosarria.com\/wp-content\/uploads\/2025\/12\/biosarria-tajudem-4.webp\"},{\"@type\":\"BreadcrumbList\",\"@id\":\"https:\/\/www.biosarria.com\/es\/te-ayudamos\/#breadcrumb\",\"itemListElement\":[{\"@type\":\"ListItem\",\"position\":1,\"name\":\"Portada\",\"item\":\"https:\/\/www.biosarria.com\/es\/\"},{\"@type\":\"ListItem\",\"position\":2,\"name\":\"Te ayudamos\"}]},{\"@type\":\"WebSite\",\"@id\":\"https:\/\/www.biosarria.com\/es\/#website\",\"url\":\"https:\/\/www.biosarria.com\/es\/\",\"name\":\"BioSarria\",\"description\":\"\",\"publisher\":{\"@id\":\"https:\/\/www.biosarria.com\/es\/#organization\"},\"potentialAction\":[{\"@type\":\"SearchAction\",\"target\":{\"@type\":\"EntryPoint\",\"urlTemplate\":\"https:\/\/www.biosarria.com\/es\/?s={search_term_string}\"},\"query-input\":{\"@type\":\"PropertyValueSpecification\",\"valueRequired\":true,\"valueName\":\"search_term_string\"}}],\"inLanguage\":\"es\"},{\"@type\":\"Organization\",\"@id\":\"https:\/\/www.biosarria.com\/es\/#organization\",\"name\":\"BioSarria\",\"url\":\"https:\/\/www.biosarria.com\/es\/\",\"logo\":{\"@type\":\"ImageObject\",\"inLanguage\":\"es\",\"@id\":\"https:\/\/www.biosarria.com\/es\/#\/schema\/logo\/image\/\",\"url\":\"https:\/\/www.biosarria.com\/wp-content\/uploads\/2025\/12\/biosarria-logo-v-2.png\",\"contentUrl\":\"https:\/\/www.biosarria.com\/wp-content\/uploads\/2025\/12\/biosarria-logo-v-2.png\",\"width\":402,\"height\":552,\"caption\":\"BioSarria\"},\"image\":{\"@id\":\"https:\/\/www.biosarria.com\/es\/#\/schema\/logo\/image\/\"},\"sameAs\":[\"https:\/\/www.instagram.com\/biosarria_tienda\/\"]}]}<\/script>\n<!-- \/ Yoast SEO plugin. -->","yoast_head_json":{"title":"Te ayudamos - BioSarria","description":"Nos dedicamos a escuchar y acompa\u00f1ar a las personas en su proceso de transformaci\u00f3n hacia un estilo de vida m\u00e1s saludable y sostenible.","robots":{"index":"index","follow":"follow","max-snippet":"max-snippet:-1","max-image-preview":"max-image-preview:large","max-video-preview":"max-video-preview:-1"},"canonical":"https:\/\/www.biosarria.com\/es\/te-ayudamos\/","og_locale":"es_ES","og_type":"article","og_title":"Te ayudamos - BioSarria","og_description":"Nos dedicamos a escuchar y acompa\u00f1ar a las personas en su proceso de transformaci\u00f3n hacia un estilo de vida m\u00e1s saludable y sostenible.","og_url":"https:\/\/www.biosarria.com\/es\/te-ayudamos\/","og_site_name":"BioSarria","article_modified_time":"2026-02-03T12:07:43+00:00","og_image":[{"width":600,"height":896,"url":"https:\/\/www.biosarria.com\/wp-content\/uploads\/2025\/12\/biosarria-tajudem-4.webp","type":"image\/webp"}],"twitter_card":"summary_large_image","twitter_misc":{"Tiempo de lectura":"1 minuto"},"schema":{"@context":"https:\/\/schema.org","@graph":[{"@type":"WebPage","@id":"https:\/\/www.biosarria.com\/es\/te-ayudamos\/","url":"https:\/\/www.biosarria.com\/es\/te-ayudamos\/","name":"Te ayudamos - BioSarria","isPartOf":{"@id":"https:\/\/www.biosarria.com\/es\/#website"},"primaryImageOfPage":{"@id":"https:\/\/www.biosarria.com\/es\/te-ayudamos\/#primaryimage"},"image":{"@id":"https:\/\/www.biosarria.com\/es\/te-ayudamos\/#primaryimage"},"thumbnailUrl":"https:\/\/www.biosarria.com\/wp-content\/uploads\/2025\/12\/biosarria-tajudem-4.webp","datePublished":"2025-12-12T13:36:39+00:00","dateModified":"2026-02-03T12:07:43+00:00","description":"Nos dedicamos a escuchar y acompa\u00f1ar a las personas en su proceso de transformaci\u00f3n hacia un estilo de vida m\u00e1s saludable y sostenible.","breadcrumb":{"@id":"https:\/\/www.biosarria.com\/es\/te-ayudamos\/#breadcrumb"},"inLanguage":"es","potentialAction":[{"@type":"ReadAction","target":["https:\/\/www.biosarria.com\/es\/te-ayudamos\/"]}]},{"@type":"ImageObject","inLanguage":"es","@id":"https:\/\/www.biosarria.com\/es\/te-ayudamos\/#primaryimage","url":"https:\/\/www.biosarria.com\/wp-content\/uploads\/2025\/12\/biosarria-tajudem-4.webp","contentUrl":"https:\/\/www.biosarria.com\/wp-content\/uploads\/2025\/12\/biosarria-tajudem-4.webp"},{"@type":"BreadcrumbList","@id":"https:\/\/www.biosarria.com\/es\/te-ayudamos\/#breadcrumb","itemListElement":[{"@type":"ListItem","position":1,"name":"Portada","item":"https:\/\/www.biosarria.com\/es\/"},{"@type":"ListItem","position":2,"name":"Te ayudamos"}]},{"@type":"WebSite","@id":"https:\/\/www.biosarria.com\/es\/#website","url":"https:\/\/www.biosarria.com\/es\/","name":"BioSarria","description":"","publisher":{"@id":"https:\/\/www.biosarria.com\/es\/#organization"},"potentialAction":[{"@type":"SearchAction","target":{"@type":"EntryPoint","urlTemplate":"https:\/\/www.biosarria.com\/es\/?s={search_term_string}"},"query-input":{"@type":"PropertyValueSpecification","valueRequired":true,"valueName":"search_term_string"}}],"inLanguage":"es"},{"@type":"Organization","@id":"https:\/\/www.biosarria.com\/es\/#organization","name":"BioSarria","url":"https:\/\/www.biosarria.com\/es\/","logo":{"@type":"ImageObject","inLanguage":"es","@id":"https:\/\/www.biosarria.com\/es\/#\/schema\/logo\/image\/","url":"https:\/\/www.biosarria.com\/wp-content\/uploads\/2025\/12\/biosarria-logo-v-2.png","contentUrl":"https:\/\/www.biosarria.com\/wp-content\/uploads\/2025\/12\/biosarria-logo-v-2.png","width":402,"height":552,"caption":"BioSarria"},"image":{"@id":"https:\/\/www.biosarria.com\/es\/#\/schema\/logo\/image\/"},"sameAs":["https:\/\/www.instagram.com\/biosarria_tienda\/"]}]}},"_links":{"self":[{"href":"https:\/\/www.biosarria.com\/es\/wp-json\/wp\/v2\/pages\/1216","targetHints":{"allow":["GET"]}}],"collection":[{"href":"https:\/\/www.biosarria.com\/es\/wp-json\/wp\/v2\/pages"}],"about":[{"href":"https:\/\/www.biosarria.com\/es\/wp-json\/wp\/v2\/types\/page"}],"author":[{"embeddable":true,"href":"https:\/\/www.biosarria.com\/es\/wp-json\/wp\/v2\/users\/1"}],"replies":[{"embeddable":true,"href":"https:\/\/www.biosarria.com\/es\/wp-json\/wp\/v2\/comments?post=1216"}],"version-history":[{"count":3,"href":"https:\/\/www.biosarria.com\/es\/wp-json\/wp\/v2\/pages\/1216\/revisions"}],"predecessor-version":[{"id":1331,"href":"https:\/\/www.biosarria.com\/es\/wp-json\/wp\/v2\/pages\/1216\/revisions\/1331"}],"wp:attachment":[{"href":"https:\/\/www.biosarria.com\/es\/wp-json\/wp\/v2\/media?parent=1216"}],"curies":[{"name":"wp","href":"https:\/\/api.w.org\/{rel}","templated":true}]}}