{"id":1251,"date":"2026-01-26T11:38:38","date_gmt":"2026-01-26T10:38:38","guid":{"rendered":"https:\/\/www.biosarria.com\/productos\/flores-de-bach\/"},"modified":"2026-02-03T13:15:12","modified_gmt":"2026-02-03T12:15:12","slug":"flores-de-bach","status":"publish","type":"page","link":"https:\/\/www.biosarria.com\/es\/productos\/flores-de-bach\/","title":{"rendered":"Flores de Bach"},"content":{"rendered":"\t\t<div data-elementor-type=\"wp-page\" data-elementor-id=\"1251\" class=\"elementor elementor-1251 elementor-893\">\n\t\t\t\t<div class=\"elementor-element elementor-element-7448bbf e-flex e-con-boxed e-con e-parent\" data-id=\"7448bbf\" data-element_type=\"container\">\n\t\t\t\t\t<div class=\"e-con-inner\">\n\t\t<div class=\"elementor-element elementor-element-a05fcf6 e-con-full e-flex e-con e-child\" data-id=\"a05fcf6\" data-element_type=\"container\">\n\t\t\t\t<div class=\"elementor-element elementor-element-4cc0c73 elementor-invisible elementor-widget elementor-widget-image\" data-id=\"4cc0c73\" data-element_type=\"widget\" data-settings=\"{&quot;_animation&quot;:&quot;fadeInLeft&quot;}\" data-widget_type=\"image.default\">\n\t\t\t\t\t\t\t\t\t\t\t\t\t\t\t<img fetchpriority=\"high\" decoding=\"async\" width=\"1441\" height=\"2036\" src=\"https:\/\/www.biosarria.com\/wp-content\/uploads\/2026\/01\/biosarria-flors-1.webp\" class=\"attachment-full size-full wp-image-1232\" alt=\"\" srcset=\"https:\/\/www.biosarria.com\/wp-content\/uploads\/2026\/01\/biosarria-flors-1.webp 1441w, https:\/\/www.biosarria.com\/wp-content\/uploads\/2026\/01\/biosarria-flors-1-212x300.webp 212w, https:\/\/www.biosarria.com\/wp-content\/uploads\/2026\/01\/biosarria-flors-1-725x1024.webp 725w, https:\/\/www.biosarria.com\/wp-content\/uploads\/2026\/01\/biosarria-flors-1-768x1085.webp 768w, https:\/\/www.biosarria.com\/wp-content\/uploads\/2026\/01\/biosarria-flors-1-1087x1536.webp 1087w, https:\/\/www.biosarria.com\/wp-content\/uploads\/2026\/01\/biosarria-flors-1-700x989.webp 700w, https:\/\/www.biosarria.com\/wp-content\/uploads\/2026\/01\/biosarria-flors-1-1100x1554.webp 1100w\" sizes=\"(max-width: 1441px) 100vw, 1441px\" \/>\t\t\t\t\t\t\t\t\t\t\t\t\t\t\t<\/div>\n\t\t\t\t<\/div>\n\t\t<div class=\"elementor-element elementor-element-90b124f e-con-full e-flex e-con e-child\" data-id=\"90b124f\" data-element_type=\"container\">\n\t\t<div class=\"elementor-element elementor-element-64d49f7 e-con-full e-flex e-con e-child\" data-id=\"64d49f7\" data-element_type=\"container\">\n\t\t<div class=\"elementor-element elementor-element-a45d72a e-con-full e-flex e-con e-child\" data-id=\"a45d72a\" data-element_type=\"container\">\n\t\t\t\t<div class=\"elementor-element elementor-element-b208b7a elementor-invisible elementor-widget elementor-widget-text-editor\" data-id=\"b208b7a\" data-element_type=\"widget\" data-settings=\"{&quot;_animation&quot;:&quot;fadeInLeft&quot;,&quot;_animation_delay&quot;:0}\" data-widget_type=\"text-editor.default\">\n\t\t\t\t\t\t\t\t\t<h1><span style=\"color: #00632e;\">FLORES<\/span><br> <span style=\"color: #41a62a;\">DE<\/span><br> <span style=\"color: #97bf0d;\">BACH<\/span><\/h1>\t\t\t\t\t\t\t\t<\/div>\n\t\t\t\t<div class=\"elementor-element elementor-element-ad0bf2a elementor-absolute elementor-widget elementor-widget-image\" data-id=\"ad0bf2a\" data-element_type=\"widget\" data-settings=\"{&quot;_position&quot;:&quot;absolute&quot;}\" data-widget_type=\"image.default\">\n\t\t\t\t\t\t\t\t\t\t\t\t\t\t\t<img decoding=\"async\" width=\"401\" height=\"722\" src=\"https:\/\/www.biosarria.com\/wp-content\/uploads\/2025\/12\/biosarria-ico-5.png\" class=\"attachment-full size-full wp-image-1195\" alt=\"\" srcset=\"https:\/\/www.biosarria.com\/wp-content\/uploads\/2025\/12\/biosarria-ico-5.png 401w, https:\/\/www.biosarria.com\/wp-content\/uploads\/2025\/12\/biosarria-ico-5-167x300.png 167w\" sizes=\"(max-width: 401px) 100vw, 401px\" \/>\t\t\t\t\t\t\t\t\t\t\t\t\t\t\t<\/div>\n\t\t\t\t<\/div>\n\t\t\t\t<\/div>\n\t\t<div class=\"elementor-element elementor-element-fb49ae4 e-con-full e-flex e-con e-child\" data-id=\"fb49ae4\" data-element_type=\"container\">\n\t\t<div class=\"elementor-element elementor-element-95dd34c e-con-full e-flex e-con e-child\" data-id=\"95dd34c\" data-element_type=\"container\">\n\t\t\t\t<div class=\"elementor-element elementor-element-a417105 elementor-invisible elementor-widget elementor-widget-text-editor\" data-id=\"a417105\" data-element_type=\"widget\" data-settings=\"{&quot;_animation&quot;:&quot;fadeIn&quot;,&quot;_animation_delay&quot;:100}\" data-widget_type=\"text-editor.default\">\n\t\t\t\t\t\t\t\t\t<p>Las flores de Bach son un conjunto de remedios naturales elaborados a partir de extractos florales diluidos en agua. Fueron desarrolladas por el m\u00e9dico ingl\u00e9s Edward Bach a principios del siglo XX. Seg\u00fan su teor\u00eda, cada flor ayuda a equilibrar un estado emocional concreto como el miedo, el estr\u00e9s, la tristeza o la inseguridad.  <\/p>\t\t\t\t\t\t\t\t<\/div>\n\t\t\t\t<div class=\"elementor-element elementor-element-aa10f1b elementor-invisible elementor-widget elementor-widget-text-editor\" data-id=\"aa10f1b\" data-element_type=\"widget\" data-settings=\"{&quot;_animation&quot;:&quot;fadeIn&quot;,&quot;_animation_delay&quot;:100}\" data-widget_type=\"text-editor.default\">\n\t\t\t\t\t\t\t\t\t<p>En nuestra pr\u00e1ctica preparamos las f\u00f3rmulas de forma personalizada teniendo en cuenta el estado emocional y la situaci\u00f3n de cada persona. El objetivo es acompa\u00f1ar y apoyar a la persona en su proceso, ayud\u00e1ndole a encontrar m\u00e1s clama, equilibrio y bienestar interior. Tambi\u00e9n elaboramos f\u00f3rmulas para animales que pueden resultar muy \u00fatiles para gestionar cambios, miedos o conductas relacionadas con la ansiedad.  <\/p>\t\t\t\t\t\t\t\t<\/div>\n\t\t\t\t<\/div>\n\t\t\t\t<\/div>\n\t\t\t\t<\/div>\n\t\t\t\t\t<\/div>\n\t\t\t\t<\/div>\n\t\t<div class=\"elementor-element elementor-element-92f69ae e-con-full e-flex e-con e-parent\" data-id=\"92f69ae\" data-element_type=\"container\" data-settings=\"{&quot;background_background&quot;:&quot;classic&quot;}\">\n\t\t<div class=\"elementor-element elementor-element-a2ca397 e-flex e-con-boxed e-con e-child\" data-id=\"a2ca397\" data-element_type=\"container\">\n\t\t\t\t\t<div class=\"e-con-inner\">\n\t\t\t\t<div class=\"elementor-element elementor-element-ff08eb9 elementor-widget__width-initial elementor-widget elementor-widget-text-editor\" data-id=\"ff08eb9\" data-element_type=\"widget\" data-widget_type=\"text-editor.default\">\n\t\t\t\t\t\t\t\t\t<h2>TE AYUDAMOS A ENCONTRAR LO QUE REALMENTE NECESITAS, EN EL MOMENTO QUE LO NECESITAS<\/h2>\t\t\t\t\t\t\t\t<\/div>\n\t\t\t\t<div class=\"elementor-element elementor-element-225d66f elementor-widget elementor-widget-qi_addons_for_elementor_button\" data-id=\"225d66f\" data-element_type=\"widget\" data-widget_type=\"qi_addons_for_elementor_button.default\">\n\t\t\t\t<div class=\"elementor-widget-container\">\n\t\t\t\t\t<a class=\"qodef-shortcode qodef-m qodef-qi-button qodef-html--link qodef-layout--filled qodef-type--standard qodef-icon--right qodef-hover--icon-move-horizontal-short\" href=\"https:\/\/www.biosarria.com\/es\/contacto\/\" target=\"_self\">\n\t<span class=\"qodef-m-text\">Ven a Biosarri\u00e0 +<\/span>\n\t<\/a>\n\t\t\t\t<\/div>\n\t\t\t\t<\/div>\n\t\t\t\t\t<\/div>\n\t\t\t\t<\/div>\n\t\t\t\t<\/div>\n\t\t\t\t<\/div>\n\t\t","protected":false},"excerpt":{"rendered":"<p>FLORES DE BACH Las flores de Bach son un conjunto de remedios naturales elaborados a partir de extractos florales diluidos en agua. Fueron desarrolladas por el m\u00e9dico ingl\u00e9s Edward Bach a principios del siglo XX. Seg\u00fan su teor\u00eda, cada flor ayuda a equilibrar un estado&#8230;<\/p>\n","protected":false},"author":1,"featured_media":0,"parent":1191,"menu_order":0,"comment_status":"closed","ping_status":"closed","template":"full_width.php","meta":{"_monsterinsights_skip_tracking":false,"_monsterinsights_sitenote_active":false,"_monsterinsights_sitenote_note":"","_monsterinsights_sitenote_category":0,"_joinchat":[],"footnotes":""},"class_list":["post-1251","page","type-page","status-publish","hentry"],"yoast_head":"<!-- This site is optimized with the Yoast SEO plugin v26.8 - https:\/\/yoast.com\/product\/yoast-seo-wordpress\/ -->\n<title>Flores de Bach - BioSarria<\/title>\n<meta name=\"description\" content=\"Las flores de Bach son un conjunto de remedios naturales elaborados a partir de extractos florales diluidos en agua.\" \/>\n<meta name=\"robots\" content=\"index, follow, max-snippet:-1, max-image-preview:large, max-video-preview:-1\" \/>\n<link rel=\"canonical\" href=\"https:\/\/www.biosarria.com\/es\/productos\/flores-de-bach\/\" \/>\n<meta property=\"og:locale\" content=\"es_ES\" \/>\n<meta property=\"og:type\" content=\"article\" \/>\n<meta property=\"og:title\" content=\"Flores de Bach - BioSarria\" \/>\n<meta property=\"og:description\" content=\"Las flores de Bach son un conjunto de remedios naturales elaborados a partir de extractos florales diluidos en agua.\" \/>\n<meta property=\"og:url\" content=\"https:\/\/www.biosarria.com\/es\/productos\/flores-de-bach\/\" \/>\n<meta property=\"og:site_name\" content=\"BioSarria\" \/>\n<meta property=\"article:modified_time\" content=\"2026-02-03T12:15:12+00:00\" \/>\n<meta property=\"og:image\" content=\"https:\/\/www.biosarria.com\/wp-content\/uploads\/2026\/01\/biosarria-flors-1.webp\" \/>\n\t<meta property=\"og:image:width\" content=\"1441\" \/>\n\t<meta property=\"og:image:height\" content=\"2036\" \/>\n\t<meta property=\"og:image:type\" content=\"image\/webp\" \/>\n<meta name=\"twitter:card\" content=\"summary_large_image\" \/>\n<meta name=\"twitter:label1\" content=\"Tiempo de lectura\" \/>\n\t<meta name=\"twitter:data1\" content=\"1 minuto\" \/>\n<script type=\"application\/ld+json\" class=\"yoast-schema-graph\">{\"@context\":\"https:\/\/schema.org\",\"@graph\":[{\"@type\":\"WebPage\",\"@id\":\"https:\/\/www.biosarria.com\/es\/productos\/flores-de-bach\/\",\"url\":\"https:\/\/www.biosarria.com\/es\/productos\/flores-de-bach\/\",\"name\":\"Flores de Bach - BioSarria\",\"isPartOf\":{\"@id\":\"https:\/\/www.biosarria.com\/es\/#website\"},\"primaryImageOfPage\":{\"@id\":\"https:\/\/www.biosarria.com\/es\/productos\/flores-de-bach\/#primaryimage\"},\"image\":{\"@id\":\"https:\/\/www.biosarria.com\/es\/productos\/flores-de-bach\/#primaryimage\"},\"thumbnailUrl\":\"https:\/\/www.biosarria.com\/wp-content\/uploads\/2026\/01\/biosarria-flors-1.webp\",\"datePublished\":\"2026-01-26T10:38:38+00:00\",\"dateModified\":\"2026-02-03T12:15:12+00:00\",\"description\":\"Las flores de Bach son un conjunto de remedios naturales elaborados a partir de extractos florales diluidos en agua.\",\"breadcrumb\":{\"@id\":\"https:\/\/www.biosarria.com\/es\/productos\/flores-de-bach\/#breadcrumb\"},\"inLanguage\":\"es\",\"potentialAction\":[{\"@type\":\"ReadAction\",\"target\":[\"https:\/\/www.biosarria.com\/es\/productos\/flores-de-bach\/\"]}]},{\"@type\":\"ImageObject\",\"inLanguage\":\"es\",\"@id\":\"https:\/\/www.biosarria.com\/es\/productos\/flores-de-bach\/#primaryimage\",\"url\":\"https:\/\/www.biosarria.com\/wp-content\/uploads\/2026\/01\/biosarria-flors-1.webp\",\"contentUrl\":\"https:\/\/www.biosarria.com\/wp-content\/uploads\/2026\/01\/biosarria-flors-1.webp\"},{\"@type\":\"BreadcrumbList\",\"@id\":\"https:\/\/www.biosarria.com\/es\/productos\/flores-de-bach\/#breadcrumb\",\"itemListElement\":[{\"@type\":\"ListItem\",\"position\":1,\"name\":\"Portada\",\"item\":\"https:\/\/www.biosarria.com\/es\/\"},{\"@type\":\"ListItem\",\"position\":2,\"name\":\"Productos\",\"item\":\"https:\/\/www.biosarria.com\/es\/productos\/\"},{\"@type\":\"ListItem\",\"position\":3,\"name\":\"Flores de Bach\"}]},{\"@type\":\"WebSite\",\"@id\":\"https:\/\/www.biosarria.com\/es\/#website\",\"url\":\"https:\/\/www.biosarria.com\/es\/\",\"name\":\"BioSarria\",\"description\":\"\",\"publisher\":{\"@id\":\"https:\/\/www.biosarria.com\/es\/#organization\"},\"potentialAction\":[{\"@type\":\"SearchAction\",\"target\":{\"@type\":\"EntryPoint\",\"urlTemplate\":\"https:\/\/www.biosarria.com\/es\/?s={search_term_string}\"},\"query-input\":{\"@type\":\"PropertyValueSpecification\",\"valueRequired\":true,\"valueName\":\"search_term_string\"}}],\"inLanguage\":\"es\"},{\"@type\":\"Organization\",\"@id\":\"https:\/\/www.biosarria.com\/es\/#organization\",\"name\":\"BioSarria\",\"url\":\"https:\/\/www.biosarria.com\/es\/\",\"logo\":{\"@type\":\"ImageObject\",\"inLanguage\":\"es\",\"@id\":\"https:\/\/www.biosarria.com\/es\/#\/schema\/logo\/image\/\",\"url\":\"https:\/\/www.biosarria.com\/wp-content\/uploads\/2025\/12\/biosarria-logo-v-2.png\",\"contentUrl\":\"https:\/\/www.biosarria.com\/wp-content\/uploads\/2025\/12\/biosarria-logo-v-2.png\",\"width\":402,\"height\":552,\"caption\":\"BioSarria\"},\"image\":{\"@id\":\"https:\/\/www.biosarria.com\/es\/#\/schema\/logo\/image\/\"},\"sameAs\":[\"https:\/\/www.instagram.com\/biosarria_tienda\/\"]}]}<\/script>\n<!-- \/ Yoast SEO plugin. -->","yoast_head_json":{"title":"Flores de Bach - BioSarria","description":"Las flores de Bach son un conjunto de remedios naturales elaborados a partir de extractos florales diluidos en agua.","robots":{"index":"index","follow":"follow","max-snippet":"max-snippet:-1","max-image-preview":"max-image-preview:large","max-video-preview":"max-video-preview:-1"},"canonical":"https:\/\/www.biosarria.com\/es\/productos\/flores-de-bach\/","og_locale":"es_ES","og_type":"article","og_title":"Flores de Bach - BioSarria","og_description":"Las flores de Bach son un conjunto de remedios naturales elaborados a partir de extractos florales diluidos en agua.","og_url":"https:\/\/www.biosarria.com\/es\/productos\/flores-de-bach\/","og_site_name":"BioSarria","article_modified_time":"2026-02-03T12:15:12+00:00","og_image":[{"width":1441,"height":2036,"url":"https:\/\/www.biosarria.com\/wp-content\/uploads\/2026\/01\/biosarria-flors-1.webp","type":"image\/webp"}],"twitter_card":"summary_large_image","twitter_misc":{"Tiempo de lectura":"1 minuto"},"schema":{"@context":"https:\/\/schema.org","@graph":[{"@type":"WebPage","@id":"https:\/\/www.biosarria.com\/es\/productos\/flores-de-bach\/","url":"https:\/\/www.biosarria.com\/es\/productos\/flores-de-bach\/","name":"Flores de Bach - BioSarria","isPartOf":{"@id":"https:\/\/www.biosarria.com\/es\/#website"},"primaryImageOfPage":{"@id":"https:\/\/www.biosarria.com\/es\/productos\/flores-de-bach\/#primaryimage"},"image":{"@id":"https:\/\/www.biosarria.com\/es\/productos\/flores-de-bach\/#primaryimage"},"thumbnailUrl":"https:\/\/www.biosarria.com\/wp-content\/uploads\/2026\/01\/biosarria-flors-1.webp","datePublished":"2026-01-26T10:38:38+00:00","dateModified":"2026-02-03T12:15:12+00:00","description":"Las flores de Bach son un conjunto de remedios naturales elaborados a partir de extractos florales diluidos en agua.","breadcrumb":{"@id":"https:\/\/www.biosarria.com\/es\/productos\/flores-de-bach\/#breadcrumb"},"inLanguage":"es","potentialAction":[{"@type":"ReadAction","target":["https:\/\/www.biosarria.com\/es\/productos\/flores-de-bach\/"]}]},{"@type":"ImageObject","inLanguage":"es","@id":"https:\/\/www.biosarria.com\/es\/productos\/flores-de-bach\/#primaryimage","url":"https:\/\/www.biosarria.com\/wp-content\/uploads\/2026\/01\/biosarria-flors-1.webp","contentUrl":"https:\/\/www.biosarria.com\/wp-content\/uploads\/2026\/01\/biosarria-flors-1.webp"},{"@type":"BreadcrumbList","@id":"https:\/\/www.biosarria.com\/es\/productos\/flores-de-bach\/#breadcrumb","itemListElement":[{"@type":"ListItem","position":1,"name":"Portada","item":"https:\/\/www.biosarria.com\/es\/"},{"@type":"ListItem","position":2,"name":"Productos","item":"https:\/\/www.biosarria.com\/es\/productos\/"},{"@type":"ListItem","position":3,"name":"Flores de Bach"}]},{"@type":"WebSite","@id":"https:\/\/www.biosarria.com\/es\/#website","url":"https:\/\/www.biosarria.com\/es\/","name":"BioSarria","description":"","publisher":{"@id":"https:\/\/www.biosarria.com\/es\/#organization"},"potentialAction":[{"@type":"SearchAction","target":{"@type":"EntryPoint","urlTemplate":"https:\/\/www.biosarria.com\/es\/?s={search_term_string}"},"query-input":{"@type":"PropertyValueSpecification","valueRequired":true,"valueName":"search_term_string"}}],"inLanguage":"es"},{"@type":"Organization","@id":"https:\/\/www.biosarria.com\/es\/#organization","name":"BioSarria","url":"https:\/\/www.biosarria.com\/es\/","logo":{"@type":"ImageObject","inLanguage":"es","@id":"https:\/\/www.biosarria.com\/es\/#\/schema\/logo\/image\/","url":"https:\/\/www.biosarria.com\/wp-content\/uploads\/2025\/12\/biosarria-logo-v-2.png","contentUrl":"https:\/\/www.biosarria.com\/wp-content\/uploads\/2025\/12\/biosarria-logo-v-2.png","width":402,"height":552,"caption":"BioSarria"},"image":{"@id":"https:\/\/www.biosarria.com\/es\/#\/schema\/logo\/image\/"},"sameAs":["https:\/\/www.instagram.com\/biosarria_tienda\/"]}]}},"_links":{"self":[{"href":"https:\/\/www.biosarria.com\/es\/wp-json\/wp\/v2\/pages\/1251","targetHints":{"allow":["GET"]}}],"collection":[{"href":"https:\/\/www.biosarria.com\/es\/wp-json\/wp\/v2\/pages"}],"about":[{"href":"https:\/\/www.biosarria.com\/es\/wp-json\/wp\/v2\/types\/page"}],"author":[{"embeddable":true,"href":"https:\/\/www.biosarria.com\/es\/wp-json\/wp\/v2\/users\/1"}],"replies":[{"embeddable":true,"href":"https:\/\/www.biosarria.com\/es\/wp-json\/wp\/v2\/comments?post=1251"}],"version-history":[{"count":3,"href":"https:\/\/www.biosarria.com\/es\/wp-json\/wp\/v2\/pages\/1251\/revisions"}],"predecessor-version":[{"id":1345,"href":"https:\/\/www.biosarria.com\/es\/wp-json\/wp\/v2\/pages\/1251\/revisions\/1345"}],"up":[{"embeddable":true,"href":"https:\/\/www.biosarria.com\/es\/wp-json\/wp\/v2\/pages\/1191"}],"wp:attachment":[{"href":"https:\/\/www.biosarria.com\/es\/wp-json\/wp\/v2\/media?parent=1251"}],"curies":[{"name":"wp","href":"https:\/\/api.w.org\/{rel}","templated":true}]}}