{"id":1255,"date":"2026-01-22T17:17:56","date_gmt":"2026-01-22T16:17:56","guid":{"rendered":"https:\/\/www.biosarria.com\/productos\/higiene-del-hogar\/"},"modified":"2026-02-05T12:05:51","modified_gmt":"2026-02-05T11:05:51","slug":"higiene-del-hogar","status":"publish","type":"page","link":"https:\/\/www.biosarria.com\/es\/productos\/higiene-del-hogar\/","title":{"rendered":"Higiene del hogar"},"content":{"rendered":"\t\t<div data-elementor-type=\"wp-page\" data-elementor-id=\"1255\" class=\"elementor elementor-1255 elementor-736\">\n\t\t\t\t<div class=\"elementor-element elementor-element-7448bbf e-flex e-con-boxed e-con e-parent\" data-id=\"7448bbf\" data-element_type=\"container\">\n\t\t\t\t\t<div class=\"e-con-inner\">\n\t\t<div class=\"elementor-element elementor-element-a05fcf6 e-con-full e-flex e-con e-child\" data-id=\"a05fcf6\" data-element_type=\"container\">\n\t\t\t\t<div class=\"elementor-element elementor-element-4cc0c73 elementor-invisible elementor-widget elementor-widget-image\" data-id=\"4cc0c73\" data-element_type=\"widget\" data-settings=\"{&quot;_animation&quot;:&quot;fadeInLeft&quot;}\" data-widget_type=\"image.default\">\n\t\t\t\t\t\t\t\t\t\t\t\t\t\t\t<img fetchpriority=\"high\" decoding=\"async\" width=\"1439\" height=\"2028\" src=\"https:\/\/www.biosarria.com\/wp-content\/uploads\/2026\/01\/biosarria-higiene-1.webp\" class=\"attachment-full size-full wp-image-1229\" alt=\"\" srcset=\"https:\/\/www.biosarria.com\/wp-content\/uploads\/2026\/01\/biosarria-higiene-1.webp 1439w, https:\/\/www.biosarria.com\/wp-content\/uploads\/2026\/01\/biosarria-higiene-1-213x300.webp 213w, https:\/\/www.biosarria.com\/wp-content\/uploads\/2026\/01\/biosarria-higiene-1-727x1024.webp 727w, https:\/\/www.biosarria.com\/wp-content\/uploads\/2026\/01\/biosarria-higiene-1-768x1082.webp 768w, https:\/\/www.biosarria.com\/wp-content\/uploads\/2026\/01\/biosarria-higiene-1-1090x1536.webp 1090w, https:\/\/www.biosarria.com\/wp-content\/uploads\/2026\/01\/biosarria-higiene-1-700x987.webp 700w, https:\/\/www.biosarria.com\/wp-content\/uploads\/2026\/01\/biosarria-higiene-1-1100x1550.webp 1100w\" sizes=\"(max-width: 1439px) 100vw, 1439px\" \/>\t\t\t\t\t\t\t\t\t\t\t\t\t\t\t<\/div>\n\t\t\t\t<\/div>\n\t\t<div class=\"elementor-element elementor-element-90b124f e-con-full e-flex e-con e-child\" data-id=\"90b124f\" data-element_type=\"container\">\n\t\t<div class=\"elementor-element elementor-element-64d49f7 e-con-full e-flex e-con e-child\" data-id=\"64d49f7\" data-element_type=\"container\">\n\t\t<div class=\"elementor-element elementor-element-a45d72a e-con-full e-flex e-con e-child\" data-id=\"a45d72a\" data-element_type=\"container\">\n\t\t\t\t<div class=\"elementor-element elementor-element-b208b7a elementor-invisible elementor-widget elementor-widget-text-editor\" data-id=\"b208b7a\" data-element_type=\"widget\" data-settings=\"{&quot;_animation&quot;:&quot;fadeInLeft&quot;,&quot;_animation_delay&quot;:0}\" data-widget_type=\"text-editor.default\">\n\t\t\t\t\t\t\t\t\t<h1><span style=\"color: #00632e;\">HIGIENE<\/span><br><span style=\"color: #41a62a;\">DEL<\/span><br><span style=\"color: #97bf0d;\">HOGAR<\/span><\/h1>\t\t\t\t\t\t\t\t<\/div>\n\t\t\t\t<div class=\"elementor-element elementor-element-ad0bf2a elementor-absolute elementor-widget elementor-widget-image\" data-id=\"ad0bf2a\" data-element_type=\"widget\" data-settings=\"{&quot;_position&quot;:&quot;absolute&quot;}\" data-widget_type=\"image.default\">\n\t\t\t\t\t\t\t\t\t\t\t\t\t\t\t<img decoding=\"async\" width=\"400\" height=\"645\" src=\"https:\/\/www.biosarria.com\/wp-content\/uploads\/2025\/12\/biosarria-ico-3.png\" class=\"attachment-full size-full wp-image-1193\" alt=\"\" srcset=\"https:\/\/www.biosarria.com\/wp-content\/uploads\/2025\/12\/biosarria-ico-3.png 400w, https:\/\/www.biosarria.com\/wp-content\/uploads\/2025\/12\/biosarria-ico-3-186x300.png 186w\" sizes=\"(max-width: 400px) 100vw, 400px\" \/>\t\t\t\t\t\t\t\t\t\t\t\t\t\t\t<\/div>\n\t\t\t\t<\/div>\n\t\t\t\t<\/div>\n\t\t<div class=\"elementor-element elementor-element-1cc6dec e-con-full e-flex e-con e-child\" data-id=\"1cc6dec\" data-element_type=\"container\">\n\t\t<div class=\"elementor-element elementor-element-d32c379 e-con-full e-flex e-con e-child\" data-id=\"d32c379\" data-element_type=\"container\">\n\t\t\t\t<div class=\"elementor-element elementor-element-49d557b elementor-invisible elementor-widget elementor-widget-text-editor\" data-id=\"49d557b\" data-element_type=\"widget\" data-settings=\"{&quot;_animation&quot;:&quot;fadeIn&quot;,&quot;_animation_delay&quot;:100}\" data-widget_type=\"text-editor.default\">\n\t\t\t\t\t\t\t\t\t<p>Utilizar productos ecol\u00f3gicos en la higiene del hogar es importante para cuidar la salud de las personas y el medio ambiente. Estos productos reducen la exposici\u00f3n a sustancias qu\u00edmicas agresivas, ayudando a mantener un ambiente m\u00e1s seguro y saludable en casa. <\/p>\t\t\t\t\t\t\t\t<\/div>\n\t\t\t\t<div class=\"elementor-element elementor-element-7e3aaea elementor-invisible elementor-widget elementor-widget-text-editor\" data-id=\"7e3aaea\" data-element_type=\"widget\" data-settings=\"{&quot;_animation&quot;:&quot;fadeIn&quot;,&quot;_animation_delay&quot;:100}\" data-widget_type=\"text-editor.default\">\n\t\t\t\t\t\t\t\t\t<p>Adem\u00e1s, los productos ecol\u00f3gicos son m\u00e1s respetuosos con la naturaleza, minimizando la contaminaci\u00f3n del agua y del suelo. Apostar por una limpieza ecol\u00f3gica es una forma sencilla y responsable de contribuir al bienestar del hogar y del planeta. <\/p>\t\t\t\t\t\t\t\t<\/div>\n\t\t\t\t<div class=\"elementor-element elementor-element-ffab163 elementor-invisible elementor-widget elementor-widget-text-editor\" data-id=\"ffab163\" data-element_type=\"widget\" data-settings=\"{&quot;_animation&quot;:&quot;fadeIn&quot;,&quot;_animation_delay&quot;:100}\" data-widget_type=\"text-editor.default\">\n\t\t\t\t\t\t\t\t\t<p>Aqu\u00ed tienes algunas de las marcas y productos que tenemos en la tienda:<\/p>\t\t\t\t\t\t\t\t<\/div>\n\t\t\t\t<\/div>\n\t\t\t\t<\/div>\n\t\t\t\t<\/div>\n\t\t\t\t\t<\/div>\n\t\t\t\t<\/div>\n\t\t<div class=\"elementor-element elementor-element-543a09a e-flex e-con-boxed e-con e-parent\" data-id=\"543a09a\" data-element_type=\"container\" id=\"productes\" data-settings=\"{&quot;background_background&quot;:&quot;classic&quot;}\">\n\t\t\t\t\t<div class=\"e-con-inner\">\n\t\t<div class=\"elementor-element elementor-element-9972423 e-con-full e-flex elementor-invisible e-con e-child\" data-id=\"9972423\" data-element_type=\"container\" data-settings=\"{&quot;animation&quot;:&quot;fadeInLeft&quot;}\">\n\t\t\t\t<div class=\"elementor-element elementor-element-af034b6 elementor-widget-laptop__width-inherit elementor-widget__width-inherit elementor-widget elementor-widget-qi_addons_for_elementor_faq\" data-id=\"af034b6\" data-element_type=\"widget\" data-widget_type=\"qi_addons_for_elementor_faq.default\">\n\t\t\t\t<div class=\"elementor-widget-container\">\n\t\t\t\t\t<div class=\"qodef-shortcode qodef-m qodef-qi-faq qodef-qi-clear qodef-closed qodef-behavior--accordion qodef-layout--simple qodef-style--standard\">\n\t<p class=\"qodef-e-title-holder\">\n\t<span class=\"qodef-e-title\">\n\t\t\t\tEcover\t<\/span>\n\t\t<span class=\"qodef-e-mark\">\n\t\t<span class=\"qodef-icon--plus\">\n\t\t\t\t<span class=\"qodef-e-icon\">\n\t\t<svg aria-hidden=\"true\" class=\"e-font-icon-svg e-fas-plus\" viewBox=\"0 0 448 512\" xmlns=\"http:\/\/www.w3.org\/2000\/svg\"><path d=\"M416 208H272V64c0-17.67-14.33-32-32-32h-32c-17.67 0-32 14.33-32 32v144H32c-17.67 0-32 14.33-32 32v32c0 17.67 14.33 32 32 32h144v144c0 17.67 14.33 32 32 32h32c17.67 0 32-14.33 32-32V304h144c17.67 0 32-14.33 32-32v-32c0-17.67-14.33-32-32-32z\"><\/path><\/svg>\t<\/span>\n\t\t\t<\/span>\n\t\t<span class=\"qodef-icon--minus\">\n\t\t\t\t<span class=\"qodef-e-icon\">\n\t\t<svg aria-hidden=\"true\" class=\"e-font-icon-svg e-fas-minus\" viewBox=\"0 0 448 512\" xmlns=\"http:\/\/www.w3.org\/2000\/svg\"><path d=\"M416 208H32c-17.67 0-32 14.33-32 32v32c0 17.67 14.33 32 32 32h384c17.67 0 32-14.33 32-32v-32c0-17.67-14.33-32-32-32z\"><\/path><\/svg>\t<\/span>\n\t\t\t<\/span>\n\t<\/span>\n\t<\/p>\n<div class=\"qodef-e-content\">\n\t<div class=\"qodef-e-content-inner\">\n\t\t<p>Soluciones de limpieza sostenibles con f\u00f3rmulas vegetales y biodegradables. Por un hogar limpio y responsable con el planeta. Top ventas jab\u00f3n de aloe vera y lim\u00f3n para lavar los platos.  <\/p>\t<\/div>\n<\/div>\n<p class=\"qodef-e-title-holder\">\n\t<span class=\"qodef-e-title\">\n\t\t\t\tGreen Natural\t<\/span>\n\t\t<span class=\"qodef-e-mark\">\n\t\t<span class=\"qodef-icon--plus\">\n\t\t\t\t<span class=\"qodef-e-icon\">\n\t\t<svg aria-hidden=\"true\" class=\"e-font-icon-svg e-fas-plus\" viewBox=\"0 0 448 512\" xmlns=\"http:\/\/www.w3.org\/2000\/svg\"><path d=\"M416 208H272V64c0-17.67-14.33-32-32-32h-32c-17.67 0-32 14.33-32 32v144H32c-17.67 0-32 14.33-32 32v32c0 17.67 14.33 32 32 32h144v144c0 17.67 14.33 32 32 32h32c17.67 0 32-14.33 32-32V304h144c17.67 0 32-14.33 32-32v-32c0-17.67-14.33-32-32-32z\"><\/path><\/svg>\t<\/span>\n\t\t\t<\/span>\n\t\t<span class=\"qodef-icon--minus\">\n\t\t\t\t<span class=\"qodef-e-icon\">\n\t\t<svg aria-hidden=\"true\" class=\"e-font-icon-svg e-fas-minus\" viewBox=\"0 0 448 512\" xmlns=\"http:\/\/www.w3.org\/2000\/svg\"><path d=\"M416 208H32c-17.67 0-32 14.33-32 32v32c0 17.67 14.33 32 32 32h384c17.67 0 32-14.33 32-32v-32c0-17.67-14.33-32-32-32z\"><\/path><\/svg>\t<\/span>\n\t\t\t<\/span>\n\t<\/span>\n\t<\/p>\n<div class=\"qodef-e-content\">\n\t<div class=\"qodef-e-content-inner\">\n\t\t<p>Higiene del hogar ecol\u00f3gico con ingredientes naturales. Productos seguros, eficaces y respetuosos con la naturaleza y la salud de la familia. Lo tenemos \u00fanicamente en formato granel, puedes llevar tu envase o te lo facilitamos nosotros.  <\/p><p><span style=\"font-weight: 400\">Tambi\u00e9n encontrar\u00e1s estropajos de lufa, de fibras vegetales, de cobre, as\u00ed como bayetas de fibras vegetales y de bamb\u00fa.<\/span><\/p><p><span style=\"font-weight: 400\">Papel higi\u00e9nico y de cocina sin cloro, bolsas de basura org\u00e1nica<\/span><\/p>\t<\/div>\n<\/div>\n<p class=\"qodef-e-title-holder\">\n\t<span class=\"qodef-e-title\">\n\t\t\t\tNatulim\t<\/span>\n\t\t<span class=\"qodef-e-mark\">\n\t\t<span class=\"qodef-icon--plus\">\n\t\t\t\t<span class=\"qodef-e-icon\">\n\t\t<svg aria-hidden=\"true\" class=\"e-font-icon-svg e-fas-plus\" viewBox=\"0 0 448 512\" xmlns=\"http:\/\/www.w3.org\/2000\/svg\"><path d=\"M416 208H272V64c0-17.67-14.33-32-32-32h-32c-17.67 0-32 14.33-32 32v144H32c-17.67 0-32 14.33-32 32v32c0 17.67 14.33 32 32 32h144v144c0 17.67 14.33 32 32 32h32c17.67 0 32-14.33 32-32V304h144c17.67 0 32-14.33 32-32v-32c0-17.67-14.33-32-32-32z\"><\/path><\/svg>\t<\/span>\n\t\t\t<\/span>\n\t\t<span class=\"qodef-icon--minus\">\n\t\t\t\t<span class=\"qodef-e-icon\">\n\t\t<svg aria-hidden=\"true\" class=\"e-font-icon-svg e-fas-minus\" viewBox=\"0 0 448 512\" xmlns=\"http:\/\/www.w3.org\/2000\/svg\"><path d=\"M416 208H32c-17.67 0-32 14.33-32 32v32c0 17.67 14.33 32 32 32h384c17.67 0 32-14.33 32-32v-32c0-17.67-14.33-32-32-32z\"><\/path><\/svg>\t<\/span>\n\t\t\t<\/span>\n\t<\/span>\n\t<\/p>\n<div class=\"qodef-e-content\">\n\t<div class=\"qodef-e-content-inner\">\n\t\t<p>Productos de limpieza ecol\u00f3gicos y seguros para todo el hogar. Efectivos, respetuosos con las superficies y el medio ambiente. Cero pl\u00e1stico, destacamos las tiras de jab\u00f3n para la lavadora. Nacional.   <\/p>\t<\/div>\n<\/div>\n<\/div>\n\t\t\t\t<\/div>\n\t\t\t\t<\/div>\n\t\t\t\t<\/div>\n\t\t\t\t\t<\/div>\n\t\t\t\t<\/div>\n\t\t<div class=\"elementor-element elementor-element-92f69ae e-con-full e-flex e-con e-parent\" data-id=\"92f69ae\" data-element_type=\"container\" data-settings=\"{&quot;background_background&quot;:&quot;classic&quot;}\">\n\t\t<div class=\"elementor-element elementor-element-a2ca397 e-flex e-con-boxed e-con e-child\" data-id=\"a2ca397\" data-element_type=\"container\">\n\t\t\t\t\t<div class=\"e-con-inner\">\n\t\t\t\t<div class=\"elementor-element elementor-element-ff08eb9 elementor-widget__width-initial elementor-widget elementor-widget-text-editor\" data-id=\"ff08eb9\" data-element_type=\"widget\" data-widget_type=\"text-editor.default\">\n\t\t\t\t\t\t\t\t\t<h2>TE AYUDAMOS A ENCONTRAR LO QUE REALMENTE NECESITAS, EN EL MOMENTO QUE LO NECESITAS<\/h2>\t\t\t\t\t\t\t\t<\/div>\n\t\t\t\t<div class=\"elementor-element elementor-element-225d66f elementor-widget elementor-widget-qi_addons_for_elementor_button\" data-id=\"225d66f\" data-element_type=\"widget\" data-widget_type=\"qi_addons_for_elementor_button.default\">\n\t\t\t\t<div class=\"elementor-widget-container\">\n\t\t\t\t\t<a class=\"qodef-shortcode qodef-m qodef-qi-button qodef-html--link qodef-layout--filled qodef-type--standard qodef-icon--right qodef-hover--icon-move-horizontal-short\" href=\"https:\/\/www.biosarria.com\/es\/contacto\/\" target=\"_self\">\n\t<span class=\"qodef-m-text\">Ven a Biosarri\u00e0 +<\/span>\n\t<\/a>\n\t\t\t\t<\/div>\n\t\t\t\t<\/div>\n\t\t\t\t\t<\/div>\n\t\t\t\t<\/div>\n\t\t\t\t<\/div>\n\t\t\t\t<\/div>\n\t\t","protected":false},"excerpt":{"rendered":"<p>HIGIENEDELHOGAR Utilizar productos ecol\u00f3gicos en la higiene del hogar es importante para cuidar la salud de las personas y el medio ambiente. Estos productos reducen la exposici\u00f3n a sustancias qu\u00edmicas agresivas, ayudando a mantener un ambiente m\u00e1s seguro y saludable en casa. Adem\u00e1s, los productos&#8230;<\/p>\n","protected":false},"author":1,"featured_media":0,"parent":1191,"menu_order":0,"comment_status":"closed","ping_status":"closed","template":"full_width.php","meta":{"_monsterinsights_skip_tracking":false,"_monsterinsights_sitenote_active":false,"_monsterinsights_sitenote_note":"","_monsterinsights_sitenote_category":0,"_joinchat":[],"footnotes":""},"class_list":["post-1255","page","type-page","status-publish","hentry"],"yoast_head":"<!-- This site is optimized with the Yoast SEO plugin v26.8 - https:\/\/yoast.com\/product\/yoast-seo-wordpress\/ -->\n<title>Higiene del hogar - BioSarria<\/title>\n<meta name=\"description\" content=\"Productos ecol\u00f3gicos en la higiene del hogar para cuidar la salud de las personas y el medio ambiente.\" \/>\n<meta name=\"robots\" content=\"index, follow, max-snippet:-1, max-image-preview:large, max-video-preview:-1\" \/>\n<link rel=\"canonical\" href=\"https:\/\/www.biosarria.com\/es\/productos\/higiene-del-hogar\/\" \/>\n<meta property=\"og:locale\" content=\"es_ES\" \/>\n<meta property=\"og:type\" content=\"article\" \/>\n<meta property=\"og:title\" content=\"Higiene del hogar - BioSarria\" \/>\n<meta property=\"og:description\" content=\"Productos ecol\u00f3gicos en la higiene del hogar para cuidar la salud de las personas y el medio ambiente.\" \/>\n<meta property=\"og:url\" content=\"https:\/\/www.biosarria.com\/es\/productos\/higiene-del-hogar\/\" \/>\n<meta property=\"og:site_name\" content=\"BioSarria\" \/>\n<meta property=\"article:modified_time\" content=\"2026-02-05T11:05:51+00:00\" \/>\n<meta property=\"og:image\" content=\"https:\/\/www.biosarria.com\/wp-content\/uploads\/2026\/01\/biosarria-higiene-1.webp\" \/>\n\t<meta property=\"og:image:width\" content=\"1439\" \/>\n\t<meta property=\"og:image:height\" content=\"2028\" \/>\n\t<meta property=\"og:image:type\" content=\"image\/webp\" \/>\n<meta name=\"twitter:card\" content=\"summary_large_image\" \/>\n<meta name=\"twitter:label1\" content=\"Tiempo de lectura\" \/>\n\t<meta name=\"twitter:data1\" content=\"1 minuto\" \/>\n<script type=\"application\/ld+json\" class=\"yoast-schema-graph\">{\"@context\":\"https:\/\/schema.org\",\"@graph\":[{\"@type\":\"WebPage\",\"@id\":\"https:\/\/www.biosarria.com\/es\/productos\/higiene-del-hogar\/\",\"url\":\"https:\/\/www.biosarria.com\/es\/productos\/higiene-del-hogar\/\",\"name\":\"Higiene del hogar - BioSarria\",\"isPartOf\":{\"@id\":\"https:\/\/www.biosarria.com\/es\/#website\"},\"primaryImageOfPage\":{\"@id\":\"https:\/\/www.biosarria.com\/es\/productos\/higiene-del-hogar\/#primaryimage\"},\"image\":{\"@id\":\"https:\/\/www.biosarria.com\/es\/productos\/higiene-del-hogar\/#primaryimage\"},\"thumbnailUrl\":\"https:\/\/www.biosarria.com\/wp-content\/uploads\/2026\/01\/biosarria-higiene-1.webp\",\"datePublished\":\"2026-01-22T16:17:56+00:00\",\"dateModified\":\"2026-02-05T11:05:51+00:00\",\"description\":\"Productos ecol\u00f3gicos en la higiene del hogar para cuidar la salud de las personas y el medio ambiente.\",\"breadcrumb\":{\"@id\":\"https:\/\/www.biosarria.com\/es\/productos\/higiene-del-hogar\/#breadcrumb\"},\"inLanguage\":\"es\",\"potentialAction\":[{\"@type\":\"ReadAction\",\"target\":[\"https:\/\/www.biosarria.com\/es\/productos\/higiene-del-hogar\/\"]}]},{\"@type\":\"ImageObject\",\"inLanguage\":\"es\",\"@id\":\"https:\/\/www.biosarria.com\/es\/productos\/higiene-del-hogar\/#primaryimage\",\"url\":\"https:\/\/www.biosarria.com\/wp-content\/uploads\/2026\/01\/biosarria-higiene-1.webp\",\"contentUrl\":\"https:\/\/www.biosarria.com\/wp-content\/uploads\/2026\/01\/biosarria-higiene-1.webp\"},{\"@type\":\"BreadcrumbList\",\"@id\":\"https:\/\/www.biosarria.com\/es\/productos\/higiene-del-hogar\/#breadcrumb\",\"itemListElement\":[{\"@type\":\"ListItem\",\"position\":1,\"name\":\"Portada\",\"item\":\"https:\/\/www.biosarria.com\/es\/\"},{\"@type\":\"ListItem\",\"position\":2,\"name\":\"Productos\",\"item\":\"https:\/\/www.biosarria.com\/es\/productos\/\"},{\"@type\":\"ListItem\",\"position\":3,\"name\":\"Higiene del hogar\"}]},{\"@type\":\"WebSite\",\"@id\":\"https:\/\/www.biosarria.com\/es\/#website\",\"url\":\"https:\/\/www.biosarria.com\/es\/\",\"name\":\"BioSarria\",\"description\":\"\",\"publisher\":{\"@id\":\"https:\/\/www.biosarria.com\/es\/#organization\"},\"potentialAction\":[{\"@type\":\"SearchAction\",\"target\":{\"@type\":\"EntryPoint\",\"urlTemplate\":\"https:\/\/www.biosarria.com\/es\/?s={search_term_string}\"},\"query-input\":{\"@type\":\"PropertyValueSpecification\",\"valueRequired\":true,\"valueName\":\"search_term_string\"}}],\"inLanguage\":\"es\"},{\"@type\":\"Organization\",\"@id\":\"https:\/\/www.biosarria.com\/es\/#organization\",\"name\":\"BioSarria\",\"url\":\"https:\/\/www.biosarria.com\/es\/\",\"logo\":{\"@type\":\"ImageObject\",\"inLanguage\":\"es\",\"@id\":\"https:\/\/www.biosarria.com\/es\/#\/schema\/logo\/image\/\",\"url\":\"https:\/\/www.biosarria.com\/wp-content\/uploads\/2025\/12\/biosarria-logo-v-2.png\",\"contentUrl\":\"https:\/\/www.biosarria.com\/wp-content\/uploads\/2025\/12\/biosarria-logo-v-2.png\",\"width\":402,\"height\":552,\"caption\":\"BioSarria\"},\"image\":{\"@id\":\"https:\/\/www.biosarria.com\/es\/#\/schema\/logo\/image\/\"},\"sameAs\":[\"https:\/\/www.instagram.com\/biosarria_tienda\/\"]}]}<\/script>\n<!-- \/ Yoast SEO plugin. -->","yoast_head_json":{"title":"Higiene del hogar - BioSarria","description":"Productos ecol\u00f3gicos en la higiene del hogar para cuidar la salud de las personas y el medio ambiente.","robots":{"index":"index","follow":"follow","max-snippet":"max-snippet:-1","max-image-preview":"max-image-preview:large","max-video-preview":"max-video-preview:-1"},"canonical":"https:\/\/www.biosarria.com\/es\/productos\/higiene-del-hogar\/","og_locale":"es_ES","og_type":"article","og_title":"Higiene del hogar - BioSarria","og_description":"Productos ecol\u00f3gicos en la higiene del hogar para cuidar la salud de las personas y el medio ambiente.","og_url":"https:\/\/www.biosarria.com\/es\/productos\/higiene-del-hogar\/","og_site_name":"BioSarria","article_modified_time":"2026-02-05T11:05:51+00:00","og_image":[{"width":1439,"height":2028,"url":"https:\/\/www.biosarria.com\/wp-content\/uploads\/2026\/01\/biosarria-higiene-1.webp","type":"image\/webp"}],"twitter_card":"summary_large_image","twitter_misc":{"Tiempo de lectura":"1 minuto"},"schema":{"@context":"https:\/\/schema.org","@graph":[{"@type":"WebPage","@id":"https:\/\/www.biosarria.com\/es\/productos\/higiene-del-hogar\/","url":"https:\/\/www.biosarria.com\/es\/productos\/higiene-del-hogar\/","name":"Higiene del hogar - BioSarria","isPartOf":{"@id":"https:\/\/www.biosarria.com\/es\/#website"},"primaryImageOfPage":{"@id":"https:\/\/www.biosarria.com\/es\/productos\/higiene-del-hogar\/#primaryimage"},"image":{"@id":"https:\/\/www.biosarria.com\/es\/productos\/higiene-del-hogar\/#primaryimage"},"thumbnailUrl":"https:\/\/www.biosarria.com\/wp-content\/uploads\/2026\/01\/biosarria-higiene-1.webp","datePublished":"2026-01-22T16:17:56+00:00","dateModified":"2026-02-05T11:05:51+00:00","description":"Productos ecol\u00f3gicos en la higiene del hogar para cuidar la salud de las personas y el medio ambiente.","breadcrumb":{"@id":"https:\/\/www.biosarria.com\/es\/productos\/higiene-del-hogar\/#breadcrumb"},"inLanguage":"es","potentialAction":[{"@type":"ReadAction","target":["https:\/\/www.biosarria.com\/es\/productos\/higiene-del-hogar\/"]}]},{"@type":"ImageObject","inLanguage":"es","@id":"https:\/\/www.biosarria.com\/es\/productos\/higiene-del-hogar\/#primaryimage","url":"https:\/\/www.biosarria.com\/wp-content\/uploads\/2026\/01\/biosarria-higiene-1.webp","contentUrl":"https:\/\/www.biosarria.com\/wp-content\/uploads\/2026\/01\/biosarria-higiene-1.webp"},{"@type":"BreadcrumbList","@id":"https:\/\/www.biosarria.com\/es\/productos\/higiene-del-hogar\/#breadcrumb","itemListElement":[{"@type":"ListItem","position":1,"name":"Portada","item":"https:\/\/www.biosarria.com\/es\/"},{"@type":"ListItem","position":2,"name":"Productos","item":"https:\/\/www.biosarria.com\/es\/productos\/"},{"@type":"ListItem","position":3,"name":"Higiene del hogar"}]},{"@type":"WebSite","@id":"https:\/\/www.biosarria.com\/es\/#website","url":"https:\/\/www.biosarria.com\/es\/","name":"BioSarria","description":"","publisher":{"@id":"https:\/\/www.biosarria.com\/es\/#organization"},"potentialAction":[{"@type":"SearchAction","target":{"@type":"EntryPoint","urlTemplate":"https:\/\/www.biosarria.com\/es\/?s={search_term_string}"},"query-input":{"@type":"PropertyValueSpecification","valueRequired":true,"valueName":"search_term_string"}}],"inLanguage":"es"},{"@type":"Organization","@id":"https:\/\/www.biosarria.com\/es\/#organization","name":"BioSarria","url":"https:\/\/www.biosarria.com\/es\/","logo":{"@type":"ImageObject","inLanguage":"es","@id":"https:\/\/www.biosarria.com\/es\/#\/schema\/logo\/image\/","url":"https:\/\/www.biosarria.com\/wp-content\/uploads\/2025\/12\/biosarria-logo-v-2.png","contentUrl":"https:\/\/www.biosarria.com\/wp-content\/uploads\/2025\/12\/biosarria-logo-v-2.png","width":402,"height":552,"caption":"BioSarria"},"image":{"@id":"https:\/\/www.biosarria.com\/es\/#\/schema\/logo\/image\/"},"sameAs":["https:\/\/www.instagram.com\/biosarria_tienda\/"]}]}},"_links":{"self":[{"href":"https:\/\/www.biosarria.com\/es\/wp-json\/wp\/v2\/pages\/1255","targetHints":{"allow":["GET"]}}],"collection":[{"href":"https:\/\/www.biosarria.com\/es\/wp-json\/wp\/v2\/pages"}],"about":[{"href":"https:\/\/www.biosarria.com\/es\/wp-json\/wp\/v2\/types\/page"}],"author":[{"embeddable":true,"href":"https:\/\/www.biosarria.com\/es\/wp-json\/wp\/v2\/users\/1"}],"replies":[{"embeddable":true,"href":"https:\/\/www.biosarria.com\/es\/wp-json\/wp\/v2\/comments?post=1255"}],"version-history":[{"count":7,"href":"https:\/\/www.biosarria.com\/es\/wp-json\/wp\/v2\/pages\/1255\/revisions"}],"predecessor-version":[{"id":1429,"href":"https:\/\/www.biosarria.com\/es\/wp-json\/wp\/v2\/pages\/1255\/revisions\/1429"}],"up":[{"embeddable":true,"href":"https:\/\/www.biosarria.com\/es\/wp-json\/wp\/v2\/pages\/1191"}],"wp:attachment":[{"href":"https:\/\/www.biosarria.com\/es\/wp-json\/wp\/v2\/media?parent=1255"}],"curies":[{"name":"wp","href":"https:\/\/api.w.org\/{rel}","templated":true}]}}