{"id":1263,"date":"2026-01-19T11:57:31","date_gmt":"2026-01-19T10:57:31","guid":{"rendered":"https:\/\/www.biosarria.com\/aviso-legal\/"},"modified":"2026-02-03T14:51:15","modified_gmt":"2026-02-03T13:51:15","slug":"aviso-legal","status":"publish","type":"page","link":"https:\/\/www.biosarria.com\/es\/aviso-legal\/","title":{"rendered":"Aviso legal"},"content":{"rendered":"\t\t<div data-elementor-type=\"wp-page\" data-elementor-id=\"1263\" class=\"elementor elementor-1263 elementor-660\">\n\t\t\t\t<div class=\"elementor-element elementor-element-543a09a e-flex e-con-boxed e-con e-parent\" data-id=\"543a09a\" data-element_type=\"container\" id=\"consulta-personalitzada\" data-settings=\"{&quot;background_background&quot;:&quot;classic&quot;}\">\n\t\t\t\t\t<div class=\"e-con-inner\">\n\t\t<div class=\"elementor-element elementor-element-9972423 e-con-full e-flex e-con e-child\" data-id=\"9972423\" data-element_type=\"container\" data-settings=\"{&quot;animation&quot;:&quot;none&quot;}\">\n\t\t\t\t<div class=\"elementor-element elementor-element-207925d elementor-widget elementor-widget-text-editor\" data-id=\"207925d\" data-element_type=\"widget\" data-widget_type=\"text-editor.default\">\n\t\t\t\t\t\t\t\t\t<h1><span style=\"color: #000000;\">Aviso legal<\/span><\/h1>\t\t\t\t\t\t\t\t<\/div>\n\t\t\t\t<div class=\"elementor-element elementor-element-d4935ca elementor-widget elementor-widget-text-editor\" data-id=\"d4935ca\" data-element_type=\"widget\" data-widget_type=\"text-editor.default\">\n\t\t\t\t\t\t\t\t\t<p>En cumplimiento del art\u00edculo 10 de la Ley 34\/2002, de 11 de julio, de Servicios de la Sociedad de la Informaci\u00f3n y Comercio Electr\u00f3nico (LSSI-CE) a continuaci\u00f3n se detallan los datos identificativos de la empresa:<\/p>\t\t\t\t\t\t\t\t<\/div>\n\t\t\t\t<div class=\"elementor-element elementor-element-1e41065 elementor-widget elementor-widget-text-editor\" data-id=\"1e41065\" data-element_type=\"widget\" data-widget_type=\"text-editor.default\">\n\t\t\t\t\t\t\t\t\t<p>Raz\u00f3n social: Cristina Torra Pous<br> DNI: 47640337T<br> Direcci\u00f3n: Ptge. de Senillosa, 1, Sarri\u00e0-Sant Gervasi \u2013 08034 Barcelona<br> Tel\u00e9fono: 932043538<br> Email: info@biosarria.com <\/p>\t\t\t\t\t\t\t\t<\/div>\n\t\t\t\t<div class=\"elementor-element elementor-element-93ef8a8 elementor-widget elementor-widget-text-editor\" data-id=\"93ef8a8\" data-element_type=\"widget\" data-widget_type=\"text-editor.default\">\n\t\t\t\t\t\t\t\t\t<p><strong>FINALIDAD DE LA P\u00c1GINA WEB<\/strong><\/p>\t\t\t\t\t\t\t\t<\/div>\n\t\t\t\t<div class=\"elementor-element elementor-element-26c3b0b elementor-widget elementor-widget-text-editor\" data-id=\"26c3b0b\" data-element_type=\"widget\" data-widget_type=\"text-editor.default\">\n\t\t\t\t\t\t\t\t\t<p>La finalidad de esta web es atender a sus consultas y peticiones.<\/p>\t\t\t\t\t\t\t\t<\/div>\n\t\t\t\t<div class=\"elementor-element elementor-element-e3059c5 elementor-widget elementor-widget-text-editor\" data-id=\"e3059c5\" data-element_type=\"widget\" data-widget_type=\"text-editor.default\">\n\t\t\t\t\t\t\t\t\t<p>El presente aviso legal (en adelante, \u00abAviso Legal\u00bb) regula el uso del sitio web: www.biosarria.com<\/p>\t\t\t\t\t\t\t\t<\/div>\n\t\t\t\t<div class=\"elementor-element elementor-element-ed9ca02 elementor-widget elementor-widget-text-editor\" data-id=\"ed9ca02\" data-element_type=\"widget\" data-widget_type=\"text-editor.default\">\n\t\t\t\t\t\t\t\t\t<p><strong>LEGISLACI\u00d3N<\/strong><\/p>\t\t\t\t\t\t\t\t<\/div>\n\t\t\t\t<div class=\"elementor-element elementor-element-48daebc elementor-widget elementor-widget-text-editor\" data-id=\"48daebc\" data-element_type=\"widget\" data-widget_type=\"text-editor.default\">\n\t\t\t\t\t\t\t\t\t<p>Con car\u00e1cter general las relaciones entre Cristina Torra Pous con los usuarios de sus servicios telem\u00e1ticos, presentes en este sitio web, est\u00e1n sometidas a la legislaci\u00f3n y jurisdicci\u00f3n espa\u00f1olas.<\/p>\t\t\t\t\t\t\t\t<\/div>\n\t\t\t\t<div class=\"elementor-element elementor-element-7327c25 elementor-widget elementor-widget-text-editor\" data-id=\"7327c25\" data-element_type=\"widget\" data-widget_type=\"text-editor.default\">\n\t\t\t\t\t\t\t\t\t<p><strong>USO Y ACCESO DE USUARIOS<\/strong><\/p>\t\t\t\t\t\t\t\t<\/div>\n\t\t\t\t<div class=\"elementor-element elementor-element-fe24563 elementor-widget elementor-widget-text-editor\" data-id=\"fe24563\" data-element_type=\"widget\" data-widget_type=\"text-editor.default\">\n\t\t\t\t\t\t\t\t\t<p>El Usuario queda informado, y acepta, que el acceso a la presente web no supone, en modo alguno, el inicio de una relaci\u00f3n comercial con Cristina Torra Pous o cualquiera de sus delegaciones.<\/p>\t\t\t\t\t\t\t\t<\/div>\n\t\t\t\t<div class=\"elementor-element elementor-element-ef38325 elementor-widget elementor-widget-text-editor\" data-id=\"ef38325\" data-element_type=\"widget\" data-widget_type=\"text-editor.default\">\n\t\t\t\t\t\t\t\t\t<p><strong>PROPIEDAD INTELECTUAL E INDUSTRIAL<\/strong><\/p>\t\t\t\t\t\t\t\t<\/div>\n\t\t\t\t<div class=\"elementor-element elementor-element-da305f8 elementor-widget elementor-widget-text-editor\" data-id=\"da305f8\" data-element_type=\"widget\" data-widget_type=\"text-editor.default\">\n\t\t\t\t\t\t\t\t\t<p>Los derechos de propiedad intelectual del contenido de las p\u00e1ginas web, su dise\u00f1o gr\u00e1fico y c\u00f3digos son titularidad de Cristina Torra Pous y, por tanto, queda prohibida su reproducci\u00f3n, distribuci\u00f3n, comunicaci\u00f3n p\u00fablica, transformaci\u00f3n o cualquier otra actividad que se pueda realizar con los contenidos de sus p\u00e1ginas web ni incluso citando las fuentes, salvo consentimiento por escrito de Cristina Torra Pous.<\/p>\t\t\t\t\t\t\t\t<\/div>\n\t\t\t\t<div class=\"elementor-element elementor-element-72f6d48 elementor-widget elementor-widget-text-editor\" data-id=\"72f6d48\" data-element_type=\"widget\" data-widget_type=\"text-editor.default\">\n\t\t\t\t\t\t\t\t\t<p><strong>CONTENIDO DE LA WEB Y ENLACES (LINKS)<\/strong><\/p>\t\t\t\t\t\t\t\t<\/div>\n\t\t\t\t<div class=\"elementor-element elementor-element-a777fcd elementor-widget elementor-widget-text-editor\" data-id=\"a777fcd\" data-element_type=\"widget\" data-widget_type=\"text-editor.default\">\n\t\t\t\t\t\t\t\t\t<p>Cristina Torra Pous se reserva el derecho a actualizar, modificar o eliminar la informaci\u00f3n contenida en sus p\u00e1ginas web pudiendo incluso limitar o no permitir el acceso a esa informaci\u00f3n a ciertos usuarios. Documentaci\u00f3n LSSI-CE Cristina Torra Pous. <\/p>\t\t\t\t\t\t\t\t<\/div>\n\t\t\t\t<div class=\"elementor-element elementor-element-54d2180 elementor-widget elementor-widget-text-editor\" data-id=\"54d2180\" data-element_type=\"widget\" data-widget_type=\"text-editor.default\">\n\t\t\t\t\t\t\t\t\t<p>Cristina Torra Pous no asume responsabilidad alguna por la informaci\u00f3n contenida en p\u00e1ginas web de terceros a las que se pueda acceder por \u00ablinks\u00bb o enlaces desde cualquier p\u00e1gina web propiedad de Cristina Torra Pous. La presencia de \u00ablinks\u00bb o enlaces a las p\u00e1ginas tiene finalidad meramente informativa y en ning\u00fan caso supone sugerencia, invitaci\u00f3n o recomendaci\u00f3n. <\/p>\t\t\t\t\t\t\t\t<\/div>\n\t\t\t\t<\/div>\n\t\t\t\t\t<\/div>\n\t\t\t\t<\/div>\n\t\t\t\t<\/div>\n\t\t","protected":false},"excerpt":{"rendered":"<p>Aviso legal En cumplimiento del art\u00edculo 10 de la Ley 34\/2002, de 11 de julio, de Servicios de la Sociedad de la Informaci\u00f3n y Comercio Electr\u00f3nico (LSSI-CE) a continuaci\u00f3n se detallan los datos identificativos de la empresa: Raz\u00f3n social: Cristina Torra Pous DNI: 47640337T Direcci\u00f3n:&#8230;<\/p>\n","protected":false},"author":1,"featured_media":0,"parent":0,"menu_order":0,"comment_status":"closed","ping_status":"closed","template":"full_width.php","meta":{"_monsterinsights_skip_tracking":false,"_monsterinsights_sitenote_active":false,"_monsterinsights_sitenote_note":"","_monsterinsights_sitenote_category":0,"_joinchat":[],"footnotes":""},"class_list":["post-1263","page","type-page","status-publish","hentry"],"yoast_head":"<!-- This site is optimized with the Yoast SEO plugin v26.8 - https:\/\/yoast.com\/product\/yoast-seo-wordpress\/ -->\n<title>Aviso legal - BioSarria<\/title>\n<meta name=\"robots\" content=\"noindex, nofollow\" \/>\n<meta property=\"og:locale\" content=\"es_ES\" \/>\n<meta property=\"og:type\" content=\"article\" \/>\n<meta property=\"og:title\" content=\"Aviso legal - BioSarria\" \/>\n<meta property=\"og:description\" content=\"Aviso legal En cumplimiento del art\u00edculo 10 de la Ley 34\/2002, de 11 de julio, de Servicios de la Sociedad de la Informaci\u00f3n y Comercio Electr\u00f3nico (LSSI-CE) a continuaci\u00f3n se detallan los datos identificativos de la empresa: Raz\u00f3n social: Cristina Torra Pous DNI: 47640337T Direcci\u00f3n:...\" \/>\n<meta property=\"og:url\" content=\"https:\/\/www.biosarria.com\/es\/aviso-legal\/\" \/>\n<meta property=\"og:site_name\" content=\"BioSarria\" \/>\n<meta property=\"article:modified_time\" content=\"2026-02-03T13:51:15+00:00\" \/>\n<meta name=\"twitter:card\" content=\"summary_large_image\" \/>\n<meta name=\"twitter:label1\" content=\"Tiempo de lectura\" \/>\n\t<meta name=\"twitter:data1\" content=\"2 minutos\" \/>\n<script type=\"application\/ld+json\" class=\"yoast-schema-graph\">{\"@context\":\"https:\/\/schema.org\",\"@graph\":[{\"@type\":\"WebPage\",\"@id\":\"https:\/\/www.biosarria.com\/es\/aviso-legal\/\",\"url\":\"https:\/\/www.biosarria.com\/es\/aviso-legal\/\",\"name\":\"Aviso legal - BioSarria\",\"isPartOf\":{\"@id\":\"https:\/\/www.biosarria.com\/es\/#website\"},\"datePublished\":\"2026-01-19T10:57:31+00:00\",\"dateModified\":\"2026-02-03T13:51:15+00:00\",\"breadcrumb\":{\"@id\":\"https:\/\/www.biosarria.com\/es\/aviso-legal\/#breadcrumb\"},\"inLanguage\":\"es\",\"potentialAction\":[{\"@type\":\"ReadAction\",\"target\":[\"https:\/\/www.biosarria.com\/es\/aviso-legal\/\"]}]},{\"@type\":\"BreadcrumbList\",\"@id\":\"https:\/\/www.biosarria.com\/es\/aviso-legal\/#breadcrumb\",\"itemListElement\":[{\"@type\":\"ListItem\",\"position\":1,\"name\":\"Portada\",\"item\":\"https:\/\/www.biosarria.com\/es\/\"},{\"@type\":\"ListItem\",\"position\":2,\"name\":\"Aviso legal\"}]},{\"@type\":\"WebSite\",\"@id\":\"https:\/\/www.biosarria.com\/es\/#website\",\"url\":\"https:\/\/www.biosarria.com\/es\/\",\"name\":\"BioSarria\",\"description\":\"\",\"publisher\":{\"@id\":\"https:\/\/www.biosarria.com\/es\/#organization\"},\"potentialAction\":[{\"@type\":\"SearchAction\",\"target\":{\"@type\":\"EntryPoint\",\"urlTemplate\":\"https:\/\/www.biosarria.com\/es\/?s={search_term_string}\"},\"query-input\":{\"@type\":\"PropertyValueSpecification\",\"valueRequired\":true,\"valueName\":\"search_term_string\"}}],\"inLanguage\":\"es\"},{\"@type\":\"Organization\",\"@id\":\"https:\/\/www.biosarria.com\/es\/#organization\",\"name\":\"BioSarria\",\"url\":\"https:\/\/www.biosarria.com\/es\/\",\"logo\":{\"@type\":\"ImageObject\",\"inLanguage\":\"es\",\"@id\":\"https:\/\/www.biosarria.com\/es\/#\/schema\/logo\/image\/\",\"url\":\"https:\/\/www.biosarria.com\/wp-content\/uploads\/2025\/12\/biosarria-logo-v-2.png\",\"contentUrl\":\"https:\/\/www.biosarria.com\/wp-content\/uploads\/2025\/12\/biosarria-logo-v-2.png\",\"width\":402,\"height\":552,\"caption\":\"BioSarria\"},\"image\":{\"@id\":\"https:\/\/www.biosarria.com\/es\/#\/schema\/logo\/image\/\"},\"sameAs\":[\"https:\/\/www.instagram.com\/biosarria_tienda\/\"]}]}<\/script>\n<!-- \/ Yoast SEO plugin. -->","yoast_head_json":{"title":"Aviso legal - BioSarria","robots":{"index":"noindex","follow":"nofollow"},"og_locale":"es_ES","og_type":"article","og_title":"Aviso legal - BioSarria","og_description":"Aviso legal En cumplimiento del art\u00edculo 10 de la Ley 34\/2002, de 11 de julio, de Servicios de la Sociedad de la Informaci\u00f3n y Comercio Electr\u00f3nico (LSSI-CE) a continuaci\u00f3n se detallan los datos identificativos de la empresa: Raz\u00f3n social: Cristina Torra Pous DNI: 47640337T Direcci\u00f3n:...","og_url":"https:\/\/www.biosarria.com\/es\/aviso-legal\/","og_site_name":"BioSarria","article_modified_time":"2026-02-03T13:51:15+00:00","twitter_card":"summary_large_image","twitter_misc":{"Tiempo de lectura":"2 minutos"},"schema":{"@context":"https:\/\/schema.org","@graph":[{"@type":"WebPage","@id":"https:\/\/www.biosarria.com\/es\/aviso-legal\/","url":"https:\/\/www.biosarria.com\/es\/aviso-legal\/","name":"Aviso legal - BioSarria","isPartOf":{"@id":"https:\/\/www.biosarria.com\/es\/#website"},"datePublished":"2026-01-19T10:57:31+00:00","dateModified":"2026-02-03T13:51:15+00:00","breadcrumb":{"@id":"https:\/\/www.biosarria.com\/es\/aviso-legal\/#breadcrumb"},"inLanguage":"es","potentialAction":[{"@type":"ReadAction","target":["https:\/\/www.biosarria.com\/es\/aviso-legal\/"]}]},{"@type":"BreadcrumbList","@id":"https:\/\/www.biosarria.com\/es\/aviso-legal\/#breadcrumb","itemListElement":[{"@type":"ListItem","position":1,"name":"Portada","item":"https:\/\/www.biosarria.com\/es\/"},{"@type":"ListItem","position":2,"name":"Aviso legal"}]},{"@type":"WebSite","@id":"https:\/\/www.biosarria.com\/es\/#website","url":"https:\/\/www.biosarria.com\/es\/","name":"BioSarria","description":"","publisher":{"@id":"https:\/\/www.biosarria.com\/es\/#organization"},"potentialAction":[{"@type":"SearchAction","target":{"@type":"EntryPoint","urlTemplate":"https:\/\/www.biosarria.com\/es\/?s={search_term_string}"},"query-input":{"@type":"PropertyValueSpecification","valueRequired":true,"valueName":"search_term_string"}}],"inLanguage":"es"},{"@type":"Organization","@id":"https:\/\/www.biosarria.com\/es\/#organization","name":"BioSarria","url":"https:\/\/www.biosarria.com\/es\/","logo":{"@type":"ImageObject","inLanguage":"es","@id":"https:\/\/www.biosarria.com\/es\/#\/schema\/logo\/image\/","url":"https:\/\/www.biosarria.com\/wp-content\/uploads\/2025\/12\/biosarria-logo-v-2.png","contentUrl":"https:\/\/www.biosarria.com\/wp-content\/uploads\/2025\/12\/biosarria-logo-v-2.png","width":402,"height":552,"caption":"BioSarria"},"image":{"@id":"https:\/\/www.biosarria.com\/es\/#\/schema\/logo\/image\/"},"sameAs":["https:\/\/www.instagram.com\/biosarria_tienda\/"]}]}},"_links":{"self":[{"href":"https:\/\/www.biosarria.com\/es\/wp-json\/wp\/v2\/pages\/1263","targetHints":{"allow":["GET"]}}],"collection":[{"href":"https:\/\/www.biosarria.com\/es\/wp-json\/wp\/v2\/pages"}],"about":[{"href":"https:\/\/www.biosarria.com\/es\/wp-json\/wp\/v2\/types\/page"}],"author":[{"embeddable":true,"href":"https:\/\/www.biosarria.com\/es\/wp-json\/wp\/v2\/users\/1"}],"replies":[{"embeddable":true,"href":"https:\/\/www.biosarria.com\/es\/wp-json\/wp\/v2\/comments?post=1263"}],"version-history":[{"count":3,"href":"https:\/\/www.biosarria.com\/es\/wp-json\/wp\/v2\/pages\/1263\/revisions"}],"predecessor-version":[{"id":1384,"href":"https:\/\/www.biosarria.com\/es\/wp-json\/wp\/v2\/pages\/1263\/revisions\/1384"}],"wp:attachment":[{"href":"https:\/\/www.biosarria.com\/es\/wp-json\/wp\/v2\/media?parent=1263"}],"curies":[{"name":"wp","href":"https:\/\/api.w.org\/{rel}","templated":true}]}}