{"id":1271,"date":"2026-01-19T12:03:50","date_gmt":"2026-01-19T11:03:50","guid":{"rendered":"https:\/\/www.biosarria.com\/politica-de-privacidad\/"},"modified":"2026-02-03T12:29:36","modified_gmt":"2026-02-03T11:29:36","slug":"politica-de-privacidad","status":"publish","type":"page","link":"https:\/\/www.biosarria.com\/es\/politica-de-privacidad\/","title":{"rendered":"Pol\u00edtica de privacidad"},"content":{"rendered":"\t\t<div data-elementor-type=\"wp-page\" data-elementor-id=\"1271\" class=\"elementor elementor-1271 elementor-665\">\n\t\t\t\t<div class=\"elementor-element elementor-element-543a09a e-flex e-con-boxed e-con e-parent\" data-id=\"543a09a\" data-element_type=\"container\" id=\"consulta-personalitzada\" data-settings=\"{&quot;background_background&quot;:&quot;classic&quot;}\">\n\t\t\t\t\t<div class=\"e-con-inner\">\n\t\t<div class=\"elementor-element elementor-element-9972423 e-con-full e-flex e-con e-child\" data-id=\"9972423\" data-element_type=\"container\" data-settings=\"{&quot;animation&quot;:&quot;none&quot;}\">\n\t\t\t\t<div class=\"elementor-element elementor-element-207925d elementor-widget elementor-widget-text-editor\" data-id=\"207925d\" data-element_type=\"widget\" data-widget_type=\"text-editor.default\">\n\t\t\t\t\t\t\t\t\t<h1><span style=\"color: #000000;\">Pol\u00edtica de privacidad<\/span><\/h1>\t\t\t\t\t\t\t\t<\/div>\n\t\t\t\t<div class=\"elementor-element elementor-element-d4935ca elementor-widget elementor-widget-text-editor\" data-id=\"d4935ca\" data-element_type=\"widget\" data-widget_type=\"text-editor.default\">\n\t\t\t\t\t\t\t\t\t<p>A efectos de lo previsto en el Reglamento (UE) 2016\/679 de 27 de abril de 2016 Cristina Torra Pous con DNI 47640337T informa al Usuario que sus datos de car\u00e1cter personal ser\u00e1n tratados con el fin de prestarle los servicios solicitados y enviarle la informaci\u00f3n sobre nuestra empresa que pueda ser de su empresa.<\/p>\t\t\t\t\t\t\t\t<\/div>\n\t\t\t\t<div class=\"elementor-element elementor-element-1e41065 elementor-widget elementor-widget-text-editor\" data-id=\"1e41065\" data-element_type=\"widget\" data-widget_type=\"text-editor.default\">\n\t\t\t\t\t\t\t\t\t<p><strong>ENVIO Y REGISTRO DE DATOS DE CAR\u00c1CTER PERSONAL<\/strong><\/p>\t\t\t\t\t\t\t\t<\/div>\n\t\t\t\t<div class=\"elementor-element elementor-element-93ef8a8 elementor-widget elementor-widget-text-editor\" data-id=\"93ef8a8\" data-element_type=\"widget\" data-widget_type=\"text-editor.default\">\n\t\t\t\t\t\t\t\t\t<p>El env\u00edo de datos de car\u00e1cter personal es obligatorio para contactar y recibir informaci\u00f3n sobre los servicios prestados por Cristina Torra Pous. Asimismo, no facilitar los datos personales solicitados o no aceptar la presente pol\u00edtica de protecci\u00f3n de datos supone la imposibilidad de suscribirse, registrarse o recibir informaci\u00f3n de estos servicios. <\/p>\t\t\t\t\t\t\t\t<\/div>\n\t\t\t\t<div class=\"elementor-element elementor-element-26c3b0b elementor-widget elementor-widget-text-editor\" data-id=\"26c3b0b\" data-element_type=\"widget\" data-widget_type=\"text-editor.default\">\n\t\t\t\t\t\t\t\t\t<p>Cuando los datos de car\u00e1cter personal sean obtenidos del Usuario a trav\u00e9s de redes de comunicaciones electr\u00f3nicas o en el marco de la prestaci\u00f3n de un servicio de la sociedad de la informaci\u00f3n, as\u00ed como en aquellos otros supuestos expresamente establecidos por la ley o cuando as\u00ed lo autorice la Agencia Espa\u00f1ola de Protecci\u00f3n de Datos, el responsable del tratamiento podr\u00e1 dar cumplimiento al deber de informaci\u00f3n que establece el art\u00edculo 6 el afectado al menos la siguiente informaci\u00f3n b\u00e1sica:<\/p>\t\t\t\t\t\t\t\t<\/div>\n\t\t\t\t<div class=\"elementor-element elementor-element-e3059c5 elementor-widget elementor-widget-text-editor\" data-id=\"e3059c5\" data-element_type=\"widget\" data-widget_type=\"text-editor.default\">\n\t\t\t\t\t\t\t\t\t<p>a) La identidad del responsable del tratamiento y de su representante, en su caso.<br> b) La finalidad del tratamiento.<br> c) La forma en que el afectado podr\u00e1 ejercitar los derechos establecidos en los art\u00edculos 15 a 22 del Reglamento (UE) 2016\/679.<\/p>\t\t\t\t\t\t\t\t<\/div>\n\t\t\t\t<div class=\"elementor-element elementor-element-ed9ca02 elementor-widget elementor-widget-text-editor\" data-id=\"ed9ca02\" data-element_type=\"widget\" data-widget_type=\"text-editor.default\">\n\t\t\t\t\t\t\t\t\t<p>Sin embargo, los responsables y encargados del tratamiento o, en su caso, sus representantes deber\u00e1n mantener el registro de actividades de tratamiento a que se refiere el art\u00edculo 30 del Reglamento (UE) 2016\/679, salvo que la empresa u organizaci\u00f3n ocupen menos de 250 personas, con la salvedad de que el tratamiento que realice pueda comportar un riesgo para especiales de datos personales indicados en el art\u00edculo 9, apartado 1, o datos personales relativos a condenas e infracciones penales a que se refiere el art\u00edculo 10 del Reglamento (UE) 2016\/679.<\/p>\t\t\t\t\t\t\t\t<\/div>\n\t\t\t\t<div class=\"elementor-element elementor-element-48daebc elementor-widget elementor-widget-text-editor\" data-id=\"48daebc\" data-element_type=\"widget\" data-widget_type=\"text-editor.default\">\n\t\t\t\t\t\t\t\t\t<p>Por \u00faltimo, el art\u00edculo 5.1.f) del Reglamento (UE) 2016\/679 determina la necesidad de establecer garant\u00edas de seguridad adecuadas contra el tratamiento no autorizado o il\u00edcito, contra la p\u00e9rdida de los datos personales, la destrucci\u00f3n o el da\u00f1o accidental. Esto implica el establecimiento de medidas t\u00e9cnicas y organizativas encaminadas a asegurar la integridad y confidencialidad de los datos personales y la posibilidad (art\u00edculo 5.2) de demostrar que estas medidas se han llevado a la pr\u00e1ctica (responsabilidad proactiva). <\/p>\t\t\t\t\t\t\t\t<\/div>\n\t\t\t\t<div class=\"elementor-element elementor-element-7327c25 elementor-widget elementor-widget-text-editor\" data-id=\"7327c25\" data-element_type=\"widget\" data-widget_type=\"text-editor.default\">\n\t\t\t\t\t\t\t\t\t<p><strong>EXACTITUD Y VERACIDAD DE LOS DATOS FACILITADOS<\/strong><\/p>\t\t\t\t\t\t\t\t<\/div>\n\t\t\t\t<div class=\"elementor-element elementor-element-fe24563 elementor-widget elementor-widget-text-editor\" data-id=\"fe24563\" data-element_type=\"widget\" data-widget_type=\"text-editor.default\">\n\t\t\t\t\t\t\t\t\t<p>El Usuario que env\u00eda la informaci\u00f3n a Cristina Torra Pous es el \u00fanico responsable de la veracidad y correcci\u00f3n de los datos incluidos, exoner\u00e1ndose a Cristina Torra Pous de cualquier responsabilidad al respecto.<\/p>\t\t\t\t\t\t\t\t<\/div>\n\t\t\t\t<div class=\"elementor-element elementor-element-ef38325 elementor-widget elementor-widget-text-editor\" data-id=\"ef38325\" data-element_type=\"widget\" data-widget_type=\"text-editor.default\">\n\t\t\t\t\t\t\t\t\t<p>Los usuarios garantizan y responden, en cualquier caso, de la exactitud, vigencia y autenticidad de los datos personales facilitados, comprometi\u00e9ndose a mantenerlos debidamente actualizados. El Usuario acepta proporcionar informaci\u00f3n completa y correcta en el formulario de registro o suscripci\u00f3n. <\/p>\t\t\t\t\t\t\t\t<\/div>\n\t\t\t\t<div class=\"elementor-element elementor-element-da305f8 elementor-widget elementor-widget-text-editor\" data-id=\"da305f8\" data-element_type=\"widget\" data-widget_type=\"text-editor.default\">\n\t\t\t\t\t\t\t\t\t<p>Cristina Torra Pous no responde de la veracidad de las informaciones que no sean de elaboraci\u00f3n propia y de las que se indique otra fuente, por lo que tampoco asume responsabilidad alguna en cuanto a hipot\u00e9ticos perjuicios que pudieran originarse por el uso de esta informaci\u00f3n. Se exonera a Cristina Torra Pous de responsabilidad ante cualquier da\u00f1o o perjuicio que pudiera sufrir el Usuario como consecuencia de errores, defectos u omisiones, en la informaci\u00f3n facilitada por Cristina Torra Pous siempre que proceda de fuentes ajenas a Cristina Torra Pous. <\/p>\t\t\t\t\t\t\t\t<\/div>\n\t\t\t\t<div class=\"elementor-element elementor-element-72f6d48 elementor-widget elementor-widget-text-editor\" data-id=\"72f6d48\" data-element_type=\"widget\" data-widget_type=\"text-editor.default\">\n\t\t\t\t\t\t\t\t\t<p><strong>CESI\u00d3N DE DATOS A TERCEROS<\/strong><\/p>\t\t\t\t\t\t\t\t<\/div>\n\t\t\t\t<div class=\"elementor-element elementor-element-a777fcd elementor-widget elementor-widget-text-editor\" data-id=\"a777fcd\" data-element_type=\"widget\" data-widget_type=\"text-editor.default\">\n\t\t\t\t\t\t\t\t\t<p>Cristina Torra Pous no ceder\u00e1 los datos personales a terceros. No obstante, en el caso de ser cedidos a alg\u00fan tercero se producir\u00eda informaci\u00f3n previa solicitando el consentimiento expreso del afectado en virtud del art\u00edculo 4.11 del Reglamento (UE) 2016\/679 de 27 de abril de 2016. <\/p>\t\t\t\t\t\t\t\t<\/div>\n\t\t\t\t<div class=\"elementor-element elementor-element-54d2180 elementor-widget elementor-widget-text-editor\" data-id=\"54d2180\" data-element_type=\"widget\" data-widget_type=\"text-editor.default\">\n\t\t\t\t\t\t\t\t\t<p><strong>CONSERVACI\u00d3N DE LOS DATOS<\/strong><\/p>\t\t\t\t\t\t\t\t<\/div>\n\t\t\t\t<div class=\"elementor-element elementor-element-85afd02 elementor-widget elementor-widget-text-editor\" data-id=\"85afd02\" data-element_type=\"widget\" data-widget_type=\"text-editor.default\">\n\t\t\t\t\t\t\t\t\t<p>En cualquier caso, el tiempo de conservaci\u00f3n ser\u00e1 el indispensable, pudiendo mantenerse como m\u00ednimo:<\/p>\t\t\t\t\t\t\t\t<\/div>\n\t\t\t\t<div class=\"elementor-element elementor-element-8385a89 elementor-widget elementor-widget-text-editor\" data-id=\"8385a89\" data-element_type=\"widget\" data-widget_type=\"text-editor.default\">\n\t\t\t\t\t\t\t\t\t<p>4 a\u00f1os: Ley sobre infracciones y sanciones en el orden social (obligaciones en materia de afiliaci\u00f3n, altas, bajas, cotizaci\u00f3n, pago de salarios&#8230;); Artes. 66 y s. Ley general tributaria (libros de contabilidad&#8230;)<br> 5 a\u00f1os: Arte. 1964 C\u00f3digo Civil (acciones personales sin plazo especial)<br> 6 a\u00f1os: Arte. 30 C\u00f3digo de Comercio (libros de contabilidad, facturas&#8230;)<br> 10 a\u00f1os: Arte. 25 Ley de Prevenci\u00f3n del Blanqueo de Capitales y Financiaci\u00f3n del Terrorismo.  <\/p>\t\t\t\t\t\t\t\t<\/div>\n\t\t\t\t<div class=\"elementor-element elementor-element-4a47436 elementor-widget elementor-widget-text-editor\" data-id=\"4a47436\" data-element_type=\"widget\" data-widget_type=\"text-editor.default\">\n\t\t\t\t\t\t\t\t\t<p><strong>EJERCICIO DE DERECHOS DE ACCESO, RECTIFICACI\u00d3N, SUPRESI\u00d3N, LIMITACI\u00d3N, PORTABILIDAD Y OPOSICI\u00d3N<\/strong><\/p>\t\t\t\t\t\t\t\t<\/div>\n\t\t\t\t<div class=\"elementor-element elementor-element-332607e elementor-widget elementor-widget-text-editor\" data-id=\"332607e\" data-element_type=\"widget\" data-widget_type=\"text-editor.default\">\n\t\t\t\t\t\t\t\t\t<p>Podr\u00e1 dirigir sus comunicaciones y ejercitar los derechos de acceso, rectificaci\u00f3n, supresi\u00f3n, limitaci\u00f3n, portabilidad y oposici\u00f3n a trav\u00e9s de correo postal en Pje. de Senillosa, 1, Sarri\u00e0-Sant Gervasi \u2013 08034 Barcelona o en el email info@biosarria.com junto con prueba v\u00e1lida en derecho, como fotocopia del DNI e indicando en el asunto \u00abPROTECCI\u00d3N DE DATOS\u00bb. <\/p>\t\t\t\t\t\t\t\t<\/div>\n\t\t\t\t<div class=\"elementor-element elementor-element-95d34b6 elementor-widget elementor-widget-text-editor\" data-id=\"95d34b6\" data-element_type=\"widget\" data-widget_type=\"text-editor.default\">\n\t\t\t\t\t\t\t\t\t<p><strong>ACEPTACI\u00d3N Y CONSENTIMIENTO<\/strong><\/p>\t\t\t\t\t\t\t\t<\/div>\n\t\t\t\t<div class=\"elementor-element elementor-element-a77cccf elementor-widget elementor-widget-text-editor\" data-id=\"a77cccf\" data-element_type=\"widget\" data-widget_type=\"text-editor.default\">\n\t\t\t\t\t\t\t\t\t<p>El Usuario declara haber sido informado de las condiciones sobre protecci\u00f3n de datos de car\u00e1cter personal, aceptando y consintiendo el tratamiento de las mismas por parte de Cristina Torra Pous, en la forma y para las finalidades indicadas en la presente Pol\u00edtica de Protecci\u00f3n de Datos Personales.<\/p>\t\t\t\t\t\t\t\t<\/div>\n\t\t\t\t<\/div>\n\t\t\t\t\t<\/div>\n\t\t\t\t<\/div>\n\t\t\t\t<\/div>\n\t\t","protected":false},"excerpt":{"rendered":"<p>Pol\u00edtica de privacidad A efectos de lo previsto en el Reglamento (UE) 2016\/679 de 27 de abril de 2016 Cristina Torra Pous con DNI 47640337T informa al Usuario que sus datos de car\u00e1cter personal ser\u00e1n tratados con el fin de prestarle los servicios solicitados y&#8230;<\/p>\n","protected":false},"author":1,"featured_media":0,"parent":0,"menu_order":0,"comment_status":"closed","ping_status":"closed","template":"full_width.php","meta":{"_monsterinsights_skip_tracking":false,"_monsterinsights_sitenote_active":false,"_monsterinsights_sitenote_note":"","_monsterinsights_sitenote_category":0,"_joinchat":[],"footnotes":""},"class_list":["post-1271","page","type-page","status-publish","hentry"],"yoast_head":"<!-- This site is optimized with the Yoast SEO plugin v26.8 - https:\/\/yoast.com\/product\/yoast-seo-wordpress\/ -->\n<title>Pol\u00edtica de privacidad - BioSarria<\/title>\n<meta name=\"robots\" content=\"noindex, nofollow\" \/>\n<meta property=\"og:locale\" content=\"es_ES\" \/>\n<meta property=\"og:type\" content=\"article\" \/>\n<meta property=\"og:title\" content=\"Pol\u00edtica de privacidad - BioSarria\" \/>\n<meta property=\"og:description\" content=\"Pol\u00edtica de privacidad A efectos de lo previsto en el Reglamento (UE) 2016\/679 de 27 de abril de 2016 Cristina Torra Pous con DNI 47640337T informa al Usuario que sus datos de car\u00e1cter personal ser\u00e1n tratados con el fin de prestarle los servicios solicitados y...\" \/>\n<meta property=\"og:url\" content=\"https:\/\/www.biosarria.com\/es\/politica-de-privacidad\/\" \/>\n<meta property=\"og:site_name\" content=\"BioSarria\" \/>\n<meta property=\"article:modified_time\" content=\"2026-02-03T11:29:36+00:00\" \/>\n<meta name=\"twitter:card\" content=\"summary_large_image\" \/>\n<meta name=\"twitter:label1\" content=\"Tiempo de lectura\" \/>\n\t<meta name=\"twitter:data1\" content=\"4 minutos\" \/>\n<script type=\"application\/ld+json\" class=\"yoast-schema-graph\">{\"@context\":\"https:\/\/schema.org\",\"@graph\":[{\"@type\":\"WebPage\",\"@id\":\"https:\/\/www.biosarria.com\/es\/politica-de-privacidad\/\",\"url\":\"https:\/\/www.biosarria.com\/es\/politica-de-privacidad\/\",\"name\":\"Pol\u00edtica de privacidad - BioSarria\",\"isPartOf\":{\"@id\":\"https:\/\/www.biosarria.com\/es\/#website\"},\"datePublished\":\"2026-01-19T11:03:50+00:00\",\"dateModified\":\"2026-02-03T11:29:36+00:00\",\"breadcrumb\":{\"@id\":\"https:\/\/www.biosarria.com\/es\/politica-de-privacidad\/#breadcrumb\"},\"inLanguage\":\"es\",\"potentialAction\":[{\"@type\":\"ReadAction\",\"target\":[\"https:\/\/www.biosarria.com\/es\/politica-de-privacidad\/\"]}]},{\"@type\":\"BreadcrumbList\",\"@id\":\"https:\/\/www.biosarria.com\/es\/politica-de-privacidad\/#breadcrumb\",\"itemListElement\":[{\"@type\":\"ListItem\",\"position\":1,\"name\":\"Portada\",\"item\":\"https:\/\/www.biosarria.com\/es\/\"},{\"@type\":\"ListItem\",\"position\":2,\"name\":\"Pol\u00edtica de privacidad\"}]},{\"@type\":\"WebSite\",\"@id\":\"https:\/\/www.biosarria.com\/es\/#website\",\"url\":\"https:\/\/www.biosarria.com\/es\/\",\"name\":\"BioSarria\",\"description\":\"\",\"publisher\":{\"@id\":\"https:\/\/www.biosarria.com\/es\/#organization\"},\"potentialAction\":[{\"@type\":\"SearchAction\",\"target\":{\"@type\":\"EntryPoint\",\"urlTemplate\":\"https:\/\/www.biosarria.com\/es\/?s={search_term_string}\"},\"query-input\":{\"@type\":\"PropertyValueSpecification\",\"valueRequired\":true,\"valueName\":\"search_term_string\"}}],\"inLanguage\":\"es\"},{\"@type\":\"Organization\",\"@id\":\"https:\/\/www.biosarria.com\/es\/#organization\",\"name\":\"BioSarria\",\"url\":\"https:\/\/www.biosarria.com\/es\/\",\"logo\":{\"@type\":\"ImageObject\",\"inLanguage\":\"es\",\"@id\":\"https:\/\/www.biosarria.com\/es\/#\/schema\/logo\/image\/\",\"url\":\"https:\/\/www.biosarria.com\/wp-content\/uploads\/2025\/12\/biosarria-logo-v-2.png\",\"contentUrl\":\"https:\/\/www.biosarria.com\/wp-content\/uploads\/2025\/12\/biosarria-logo-v-2.png\",\"width\":402,\"height\":552,\"caption\":\"BioSarria\"},\"image\":{\"@id\":\"https:\/\/www.biosarria.com\/es\/#\/schema\/logo\/image\/\"},\"sameAs\":[\"https:\/\/www.instagram.com\/biosarria_tienda\/\"]}]}<\/script>\n<!-- \/ Yoast SEO plugin. -->","yoast_head_json":{"title":"Pol\u00edtica de privacidad - BioSarria","robots":{"index":"noindex","follow":"nofollow"},"og_locale":"es_ES","og_type":"article","og_title":"Pol\u00edtica de privacidad - BioSarria","og_description":"Pol\u00edtica de privacidad A efectos de lo previsto en el Reglamento (UE) 2016\/679 de 27 de abril de 2016 Cristina Torra Pous con DNI 47640337T informa al Usuario que sus datos de car\u00e1cter personal ser\u00e1n tratados con el fin de prestarle los servicios solicitados y...","og_url":"https:\/\/www.biosarria.com\/es\/politica-de-privacidad\/","og_site_name":"BioSarria","article_modified_time":"2026-02-03T11:29:36+00:00","twitter_card":"summary_large_image","twitter_misc":{"Tiempo de lectura":"4 minutos"},"schema":{"@context":"https:\/\/schema.org","@graph":[{"@type":"WebPage","@id":"https:\/\/www.biosarria.com\/es\/politica-de-privacidad\/","url":"https:\/\/www.biosarria.com\/es\/politica-de-privacidad\/","name":"Pol\u00edtica de privacidad - BioSarria","isPartOf":{"@id":"https:\/\/www.biosarria.com\/es\/#website"},"datePublished":"2026-01-19T11:03:50+00:00","dateModified":"2026-02-03T11:29:36+00:00","breadcrumb":{"@id":"https:\/\/www.biosarria.com\/es\/politica-de-privacidad\/#breadcrumb"},"inLanguage":"es","potentialAction":[{"@type":"ReadAction","target":["https:\/\/www.biosarria.com\/es\/politica-de-privacidad\/"]}]},{"@type":"BreadcrumbList","@id":"https:\/\/www.biosarria.com\/es\/politica-de-privacidad\/#breadcrumb","itemListElement":[{"@type":"ListItem","position":1,"name":"Portada","item":"https:\/\/www.biosarria.com\/es\/"},{"@type":"ListItem","position":2,"name":"Pol\u00edtica de privacidad"}]},{"@type":"WebSite","@id":"https:\/\/www.biosarria.com\/es\/#website","url":"https:\/\/www.biosarria.com\/es\/","name":"BioSarria","description":"","publisher":{"@id":"https:\/\/www.biosarria.com\/es\/#organization"},"potentialAction":[{"@type":"SearchAction","target":{"@type":"EntryPoint","urlTemplate":"https:\/\/www.biosarria.com\/es\/?s={search_term_string}"},"query-input":{"@type":"PropertyValueSpecification","valueRequired":true,"valueName":"search_term_string"}}],"inLanguage":"es"},{"@type":"Organization","@id":"https:\/\/www.biosarria.com\/es\/#organization","name":"BioSarria","url":"https:\/\/www.biosarria.com\/es\/","logo":{"@type":"ImageObject","inLanguage":"es","@id":"https:\/\/www.biosarria.com\/es\/#\/schema\/logo\/image\/","url":"https:\/\/www.biosarria.com\/wp-content\/uploads\/2025\/12\/biosarria-logo-v-2.png","contentUrl":"https:\/\/www.biosarria.com\/wp-content\/uploads\/2025\/12\/biosarria-logo-v-2.png","width":402,"height":552,"caption":"BioSarria"},"image":{"@id":"https:\/\/www.biosarria.com\/es\/#\/schema\/logo\/image\/"},"sameAs":["https:\/\/www.instagram.com\/biosarria_tienda\/"]}]}},"_links":{"self":[{"href":"https:\/\/www.biosarria.com\/es\/wp-json\/wp\/v2\/pages\/1271","targetHints":{"allow":["GET"]}}],"collection":[{"href":"https:\/\/www.biosarria.com\/es\/wp-json\/wp\/v2\/pages"}],"about":[{"href":"https:\/\/www.biosarria.com\/es\/wp-json\/wp\/v2\/types\/page"}],"author":[{"embeddable":true,"href":"https:\/\/www.biosarria.com\/es\/wp-json\/wp\/v2\/users\/1"}],"replies":[{"embeddable":true,"href":"https:\/\/www.biosarria.com\/es\/wp-json\/wp\/v2\/comments?post=1271"}],"version-history":[{"count":1,"href":"https:\/\/www.biosarria.com\/es\/wp-json\/wp\/v2\/pages\/1271\/revisions"}],"predecessor-version":[{"id":1272,"href":"https:\/\/www.biosarria.com\/es\/wp-json\/wp\/v2\/pages\/1271\/revisions\/1272"}],"wp:attachment":[{"href":"https:\/\/www.biosarria.com\/es\/wp-json\/wp\/v2\/media?parent=1271"}],"curies":[{"name":"wp","href":"https:\/\/api.w.org\/{rel}","templated":true}]}}